{"id":4339,"date":"2019-04-23T11:46:03","date_gmt":"2019-04-23T11:46:03","guid":{"rendered":"https:\/\/www.tdgservicos.pt\/homepage\/"},"modified":"2021-02-09T05:57:42","modified_gmt":"2021-02-09T05:57:42","slug":"homepage","status":"publish","type":"page","link":"https:\/\/www.tdgservicos.pt\/es\/","title":{"rendered":"Hogar"},"content":{"rendered":"<p>[vc_row full_width=\u00bbstretch_row\u00bb css=\u00bb.vc_custom_1556185067265{padding-top: 8em !important;padding-bottom: 10em !important;background-color: #000000 !important;}\u00bb][vc_column][vc_single_image image=\u00bb3874&#8243; img_size=\u00bbfull\u00bb alignment=\u00bbcenter\u00bb css=\u00bb.vc_custom_1599756210003{margin-bottom: 0px !important;}\u00bb][vc_row_inner equal_height=\u00bbyes\u00bb content_placement=\u00bbmiddle\u00bb css=\u00bb.vc_custom_1556093058576{padding-top: 8em !important;}\u00bb][vc_column_inner width=\u00bb1\/2&#8243;][vc_single_image image=\u00bb3992&#8243; img_size=\u00bbfull\u00bb css=\u00bb.vc_custom_1610543391392{margin-bottom: 0px !important;}\u00bb][\/vc_column_inner][vc_column_inner width=\u00bb1\/2&#8243; css=\u00bb.vc_custom_1556093129663{padding: 15% !important;background-color: #ffffff !important;}\u00bb]\n\t<div class=\"title-subtitle-box  \" style=\" text-align: left;\">\n\t\t<h1 style=\" font-style: normal;\" class=\"special-title\" >\n\t\t<span style=\"\">Quienes somos<\/span>Nuestra historia<\/h1>\n\t\t<span class=\"gg-horizontal-line\"  ><\/span>\n\t\t<div class=\"box-description\"><p>TDG Servi\u00e7os inici\u00f3 su historia en 2018, fusion\u00e1ndose con la empresa WJF Unipessoal, que llevaba m\u00e1s de 7 a\u00f1os en el mercado. Con esta fusi\u00f3n, fue posible una mayor incisi\u00f3n en el mercado c\u00e1rnico, permitiendo expandir nuestros servicios a toda la Uni\u00f3n Europea.<\/p>\n<p>TDG Servi\u00e7os surge para satisfacer las necesidades de nuestros clientes en cuanto a costes laborales y empresariales.<\/p>\n<p>Su principal objetivo comercial es brindar servicios especializados de deshuesado, despiece, faena, despiece, envasado y procesamiento.<\/p>\n<p>TDG Servi\u00e7os tiene su sede en Montijo &#8211; Portugal, donde se encuentra su oficina, donde se toman todas las decisiones administrativas.<\/p>\n<\/div>\n\t<\/div> [\/vc_column_inner][\/vc_row_inner]\n\t<div class=\"title-subtitle-box  vc_custom_1612794794954\" style=\" text-align: center;\">\n\t\t<h5 style=\" color:#ffffff;  font-style: normal;\" class=\"special-title\" >Dedicados al \u00e9xito de su producto.<\/h5>\n\t<\/div> [\/vc_column][\/vc_row][vc_row css=\u00bb.vc_custom_1556114245236{padding-top: 7em !important;padding-bottom: 7em !important;}\u00bb][vc_column]\n\t<div class=\"title-subtitle-box  \" style=\" text-align: center;\">\n\t\t<h5 style=\" font-style: normal;\" class=\"special-title\" >Descubra nuestros excelentes servicios.<\/h5>\n\t<\/div> [\/vc_column][\/vc_row][vc_row css=\u00bb.vc_custom_1556827343320{padding-right: 10% !important;padding-left: 10% !important;background-image: url(http:\/\/okthemes.com\/sarasdemo\/wp-content\/uploads\/2019\/04\/homepage-services-v3.jpg?id=235) !important;background-position: center !important;background-repeat: no-repeat !important;background-size: contain !important;}\u00bb][vc_column][vc_row_inner][vc_column_inner width=\u00bb1\/3&#8243;]\n\t<div class=\"featured-image-box  text-align-center overlay_style_1  vc_custom_1612794861292\">\n\t\t<figure class=\"\">\n\t\t\t<div class=\"image-wrapper\">\n\t\t\t<img decoding=\"async\" width=\"570\" height=\"615\" src=\"https:\/\/www.tdgservicos.pt\/wp-content\/uploads\/2020\/11\/2.jpg\" class=\"vc_single_image-img attachment-full\" alt=\"\" srcset=\"https:\/\/www.tdgservicos.pt\/wp-content\/uploads\/2020\/11\/2.jpg 570w, https:\/\/www.tdgservicos.pt\/wp-content\/uploads\/2020\/11\/2-278x300.jpg 278w\" sizes=\"(max-width: 570px) 100vw, 570px\" \/>\n\t\t\t<\/div>\n\t\t<figcaption>\n\t\t\t<h4><span>celebrate<\/span> Sacrificio de animales<\/h4>\n\t\t\t\n\t\t<\/figcaption>\n\t\t<\/figure>\n\t<\/div> \n\t<div class=\"featured-image-box  text-align-center overlay_style_1  vc_custom_1612794878005\">\n\t\t<figure class=\"\">\n\t\t\t<div class=\"image-wrapper\">\n\t\t\t<img decoding=\"async\" width=\"570\" height=\"615\" src=\"https:\/\/www.tdgservicos.pt\/wp-content\/uploads\/2020\/11\/25.jpg\" class=\"vc_single_image-img attachment-full\" alt=\"\" srcset=\"https:\/\/www.tdgservicos.pt\/wp-content\/uploads\/2020\/11\/25.jpg 570w, https:\/\/www.tdgservicos.pt\/wp-content\/uploads\/2020\/11\/25-278x300.jpg 278w\" sizes=\"(max-width: 570px) 100vw, 570px\" \/>\n\t\t\t<\/div>\n\t\t<figcaption>\n\t\t\t<h4><span>celebrate<\/span> Cortar<\/h4>\n\t\t\t\n\t\t<\/figcaption>\n\t\t<\/figure>\n\t<\/div> [\/vc_column_inner][vc_column_inner width=\u00bb1\/3&#8243;]\n\t<div class=\"featured-image-box  text-align-center overlay_style_1  vc_custom_1612794893708\">\n\t\t<figure class=\"\">\n\t\t\t<div class=\"image-wrapper\">\n\t\t\t<img decoding=\"async\" width=\"570\" height=\"615\" src=\"https:\/\/www.tdgservicos.pt\/wp-content\/uploads\/2020\/11\/23.jpg\" class=\"vc_single_image-img attachment-full\" alt=\"\" srcset=\"https:\/\/www.tdgservicos.pt\/wp-content\/uploads\/2020\/11\/23.jpg 570w, https:\/\/www.tdgservicos.pt\/wp-content\/uploads\/2020\/11\/23-278x300.jpg 278w\" sizes=\"(max-width: 570px) 100vw, 570px\" \/>\n\t\t\t<\/div>\n\t\t<figcaption>\n\t\t\t<h4><span>celebrate<\/span> Deshuesado<\/h4>\n\t\t\t\n\t\t<\/figcaption>\n\t\t<\/figure>\n\t<\/div> \n\t<div class=\"featured-image-box  text-align-center overlay_style_1  vc_custom_1612794923694\">\n\t\t<figure class=\"\">\n\t\t\t<div class=\"image-wrapper\">\n\t\t\t<img decoding=\"async\" width=\"570\" height=\"615\" src=\"https:\/\/www.tdgservicos.pt\/wp-content\/uploads\/2020\/11\/Chourico-1.png\" class=\"vc_single_image-img attachment-full\" alt=\"\" srcset=\"https:\/\/www.tdgservicos.pt\/wp-content\/uploads\/2020\/11\/Chourico-1.png 570w, https:\/\/www.tdgservicos.pt\/wp-content\/uploads\/2020\/11\/Chourico-1-278x300.png 278w\" sizes=\"(max-width: 570px) 100vw, 570px\" \/>\n\t\t\t<\/div>\n\t\t<figcaption>\n\t\t\t<h4><span>celebrate<\/span> Procesando<\/h4>\n\t\t\t\n\t\t<\/figcaption>\n\t\t<\/figure>\n\t<\/div> [\/vc_column_inner][vc_column_inner width=\u00bb1\/3&#8243;]\n\t<div class=\"featured-image-box  text-align-center overlay_style_1  vc_custom_1612794938995\">\n\t\t<figure class=\"\">\n\t\t\t<div class=\"image-wrapper\">\n\t\t\t<img decoding=\"async\" width=\"570\" height=\"615\" src=\"https:\/\/www.tdgservicos.pt\/wp-content\/uploads\/2020\/11\/1.jpg\" class=\"vc_single_image-img attachment-full\" alt=\"\" srcset=\"https:\/\/www.tdgservicos.pt\/wp-content\/uploads\/2020\/11\/1.jpg 570w, https:\/\/www.tdgservicos.pt\/wp-content\/uploads\/2020\/11\/1-278x300.jpg 278w\" sizes=\"(max-width: 570px) 100vw, 570px\" \/>\n\t\t\t<\/div>\n\t\t<figcaption>\n\t\t\t<h4><span>celebrate<\/span> Desmantelar<\/h4>\n\t\t\t\n\t\t<\/figcaption>\n\t\t<\/figure>\n\t<\/div> \n\t<div class=\"featured-image-box  text-align-center overlay_style_1  \">\n\t\t<figure class=\"\">\n\t\t\t<div class=\"image-wrapper\">\n\t\t\t<img decoding=\"async\" width=\"570\" height=\"615\" src=\"https:\/\/www.tdgservicos.pt\/wp-content\/uploads\/2020\/11\/22.jpg\" class=\"vc_single_image-img attachment-full\" alt=\"\" srcset=\"https:\/\/www.tdgservicos.pt\/wp-content\/uploads\/2020\/11\/22.jpg 570w, https:\/\/www.tdgservicos.pt\/wp-content\/uploads\/2020\/11\/22-278x300.jpg 278w\" sizes=\"(max-width: 570px) 100vw, 570px\" \/>\n\t\t\t<\/div>\n\t\t<figcaption>\n\t\t\t<h4><span>celebrate<\/span> Embalaje<\/h4>\n\t\t\t\n\t\t<\/figcaption>\n\t\t<\/figure>\n\t<\/div> [\/vc_column_inner][\/vc_row_inner][\/vc_column][\/vc_row]<\/p>\n","protected":false},"excerpt":{"rendered":"<p>[vc_row full_width=\u00bbstretch_row\u00bb css=\u00bb.vc_custom_1556185067265{padding-top: 8em !important;padding-bottom: 10em !important;background-color: #000000 !important;}\u00bb][vc_column][vc_single_image image=\u00bb3874&#8243; img_size=\u00bbfull\u00bb alignment=\u00bbcenter\u00bb css=\u00bb.vc_custom_1599756210003{margin-bottom: 0px !important;}\u00bb][vc_row_inner equal_height=\u00bbyes\u00bb content_placement=\u00bbmiddle\u00bb css=\u00bb.vc_custom_1556093058576{padding-top: 8em !important;}\u00bb][vc_column_inner width=\u00bb1\/2&#8243;][vc_single_image image=\u00bb3992&#8243; img_size=\u00bbfull\u00bb css=\u00bb.vc_custom_1610543391392{margin-bottom: 0px !important;}\u00bb][\/vc_column_inner][vc_column_inner width=\u00bb1\/2&#8243; css=\u00bb.vc_custom_1556093129663{padding: 15% !important;background-color:<\/p>\n<p class=\"more-link-wrapper\"><a class=\"btn btn-primary\" href=\"https:\/\/www.tdgservicos.pt\/es\/\">Read More<\/a><\/p>\n","protected":false},"author":1,"featured_media":0,"parent":0,"menu_order":0,"comment_status":"closed","ping_status":"closed","template":"","meta":{"footnotes":""},"class_list":["post-4339","page","type-page","status-publish","hentry"],"yoast_head":"<!-- This site is optimized with the Yoast SEO plugin v27.2 - https:\/\/yoast.com\/product\/yoast-seo-wordpress\/ -->\n<title>Hogar - TDG<\/title>\n<meta name=\"robots\" content=\"index, follow, max-snippet:-1, max-image-preview:large, max-video-preview:-1\" \/>\n<link rel=\"canonical\" href=\"https:\/\/www.tdgservicos.pt\/es\/homepage\/\" \/>\n<meta property=\"og:locale\" content=\"es_ES\" \/>\n<meta property=\"og:type\" content=\"article\" \/>\n<meta property=\"og:title\" content=\"Hogar - TDG\" \/>\n<meta property=\"og:description\" content=\"[vc_row full_width=\u00bbstretch_row\u00bb css=\u00bb.vc_custom_1556185067265{padding-top: 8em !important;padding-bottom: 10em !important;background-color: #000000 !important;}\u00bb][vc_column][vc_single_image image=\u00bb3874&#8243; img_size=\u00bbfull\u00bb alignment=\u00bbcenter\u00bb css=\u00bb.vc_custom_1599756210003{margin-bottom: 0px !important;}\u00bb][vc_row_inner equal_height=\u00bbyes\u00bb content_placement=\u00bbmiddle\u00bb css=\u00bb.vc_custom_1556093058576{padding-top: 8em !important;}\u00bb][vc_column_inner width=\u00bb1\/2&#8243;][vc_single_image image=\u00bb3992&#8243; img_size=\u00bbfull\u00bb css=\u00bb.vc_custom_1610543391392{margin-bottom: 0px !important;}\u00bb][\/vc_column_inner][vc_column_inner width=\u00bb1\/2&#8243; css=\u00bb.vc_custom_1556093129663{padding: 15% !important;background-color:Read More\" \/>\n<meta property=\"og:url\" content=\"https:\/\/www.tdgservicos.pt\/es\/homepage\/\" \/>\n<meta property=\"og:site_name\" content=\"TDG\" \/>\n<meta property=\"article:publisher\" content=\"https:\/\/www.facebook.com\/tdgservicos\" \/>\n<meta property=\"article:modified_time\" content=\"2021-02-09T05:57:42+00:00\" \/>\n<meta name=\"twitter:card\" content=\"summary_large_image\" \/>\n<meta name=\"twitter:label1\" content=\"Tiempo de lectura\" \/>\n\t<meta name=\"twitter:data1\" content=\"1 minuto\" \/>\n<script type=\"application\/ld+json\" class=\"yoast-schema-graph\">{\"@context\":\"https:\/\/schema.org\",\"@graph\":[{\"@type\":\"WebPage\",\"@id\":\"https:\/\/www.tdgservicos.pt\/es\/homepage\/\",\"url\":\"https:\/\/www.tdgservicos.pt\/es\/homepage\/\",\"name\":\"Hogar - TDG\",\"isPartOf\":{\"@id\":\"https:\/\/www.tdgservicos.pt\/#website\"},\"datePublished\":\"2019-04-23T11:46:03+00:00\",\"dateModified\":\"2021-02-09T05:57:42+00:00\",\"breadcrumb\":{\"@id\":\"https:\/\/www.tdgservicos.pt\/es\/homepage\/#breadcrumb\"},\"inLanguage\":\"es\",\"potentialAction\":[{\"@type\":\"ReadAction\",\"target\":[\"https:\/\/www.tdgservicos.pt\/es\/homepage\/\"]}]},{\"@type\":\"BreadcrumbList\",\"@id\":\"https:\/\/www.tdgservicos.pt\/es\/homepage\/#breadcrumb\",\"itemListElement\":[{\"@type\":\"ListItem\",\"position\":1,\"name\":\"In\u00edcio\",\"item\":\"https:\/\/www.tdgservicos.pt\/es\/homepage\/\"},{\"@type\":\"ListItem\",\"position\":2,\"name\":\"Hogar\"}]},{\"@type\":\"WebSite\",\"@id\":\"https:\/\/www.tdgservicos.pt\/#website\",\"url\":\"https:\/\/www.tdgservicos.pt\/\",\"name\":\"TDG Servi\u00e7os\",\"description\":\"Servi\u00e7os\",\"publisher\":{\"@id\":\"https:\/\/www.tdgservicos.pt\/#organization\"},\"potentialAction\":[{\"@type\":\"SearchAction\",\"target\":{\"@type\":\"EntryPoint\",\"urlTemplate\":\"https:\/\/www.tdgservicos.pt\/?s={search_term_string}\"},\"query-input\":{\"@type\":\"PropertyValueSpecification\",\"valueRequired\":true,\"valueName\":\"search_term_string\"}}],\"inLanguage\":\"es\"},{\"@type\":\"Organization\",\"@id\":\"https:\/\/www.tdgservicos.pt\/#organization\",\"name\":\"TDG Servi\u00e7os\",\"url\":\"https:\/\/www.tdgservicos.pt\/\",\"logo\":{\"@type\":\"ImageObject\",\"inLanguage\":\"es\",\"@id\":\"https:\/\/www.tdgservicos.pt\/#\/schema\/logo\/image\/\",\"url\":\"https:\/\/www.tdgservicos.pt\/wp-content\/uploads\/2020\/06\/TDG-Logo_Black-1-e1592063006271.png\",\"contentUrl\":\"https:\/\/www.tdgservicos.pt\/wp-content\/uploads\/2020\/06\/TDG-Logo_Black-1-e1592063006271.png\",\"width\":209,\"height\":190,\"caption\":\"TDG Servi\u00e7os\"},\"image\":{\"@id\":\"https:\/\/www.tdgservicos.pt\/#\/schema\/logo\/image\/\"},\"sameAs\":[\"https:\/\/www.facebook.com\/tdgservicos\"]}]}<\/script>\n<!-- \/ Yoast SEO plugin. -->","yoast_head_json":{"title":"Hogar - TDG","robots":{"index":"index","follow":"follow","max-snippet":"max-snippet:-1","max-image-preview":"max-image-preview:large","max-video-preview":"max-video-preview:-1"},"canonical":"https:\/\/www.tdgservicos.pt\/es\/homepage\/","og_locale":"es_ES","og_type":"article","og_title":"Hogar - TDG","og_description":"[vc_row full_width=\u00bbstretch_row\u00bb css=\u00bb.vc_custom_1556185067265{padding-top: 8em !important;padding-bottom: 10em !important;background-color: #000000 !important;}\u00bb][vc_column][vc_single_image image=\u00bb3874&#8243; img_size=\u00bbfull\u00bb alignment=\u00bbcenter\u00bb css=\u00bb.vc_custom_1599756210003{margin-bottom: 0px !important;}\u00bb][vc_row_inner equal_height=\u00bbyes\u00bb content_placement=\u00bbmiddle\u00bb css=\u00bb.vc_custom_1556093058576{padding-top: 8em !important;}\u00bb][vc_column_inner width=\u00bb1\/2&#8243;][vc_single_image image=\u00bb3992&#8243; img_size=\u00bbfull\u00bb css=\u00bb.vc_custom_1610543391392{margin-bottom: 0px !important;}\u00bb][\/vc_column_inner][vc_column_inner width=\u00bb1\/2&#8243; css=\u00bb.vc_custom_1556093129663{padding: 15% !important;background-color:Read More","og_url":"https:\/\/www.tdgservicos.pt\/es\/homepage\/","og_site_name":"TDG","article_publisher":"https:\/\/www.facebook.com\/tdgservicos","article_modified_time":"2021-02-09T05:57:42+00:00","twitter_card":"summary_large_image","twitter_misc":{"Tiempo de lectura":"1 minuto"},"schema":{"@context":"https:\/\/schema.org","@graph":[{"@type":"WebPage","@id":"https:\/\/www.tdgservicos.pt\/es\/homepage\/","url":"https:\/\/www.tdgservicos.pt\/es\/homepage\/","name":"Hogar - TDG","isPartOf":{"@id":"https:\/\/www.tdgservicos.pt\/#website"},"datePublished":"2019-04-23T11:46:03+00:00","dateModified":"2021-02-09T05:57:42+00:00","breadcrumb":{"@id":"https:\/\/www.tdgservicos.pt\/es\/homepage\/#breadcrumb"},"inLanguage":"es","potentialAction":[{"@type":"ReadAction","target":["https:\/\/www.tdgservicos.pt\/es\/homepage\/"]}]},{"@type":"BreadcrumbList","@id":"https:\/\/www.tdgservicos.pt\/es\/homepage\/#breadcrumb","itemListElement":[{"@type":"ListItem","position":1,"name":"In\u00edcio","item":"https:\/\/www.tdgservicos.pt\/es\/homepage\/"},{"@type":"ListItem","position":2,"name":"Hogar"}]},{"@type":"WebSite","@id":"https:\/\/www.tdgservicos.pt\/#website","url":"https:\/\/www.tdgservicos.pt\/","name":"TDG Servi\u00e7os","description":"Servi\u00e7os","publisher":{"@id":"https:\/\/www.tdgservicos.pt\/#organization"},"potentialAction":[{"@type":"SearchAction","target":{"@type":"EntryPoint","urlTemplate":"https:\/\/www.tdgservicos.pt\/?s={search_term_string}"},"query-input":{"@type":"PropertyValueSpecification","valueRequired":true,"valueName":"search_term_string"}}],"inLanguage":"es"},{"@type":"Organization","@id":"https:\/\/www.tdgservicos.pt\/#organization","name":"TDG Servi\u00e7os","url":"https:\/\/www.tdgservicos.pt\/","logo":{"@type":"ImageObject","inLanguage":"es","@id":"https:\/\/www.tdgservicos.pt\/#\/schema\/logo\/image\/","url":"https:\/\/www.tdgservicos.pt\/wp-content\/uploads\/2020\/06\/TDG-Logo_Black-1-e1592063006271.png","contentUrl":"https:\/\/www.tdgservicos.pt\/wp-content\/uploads\/2020\/06\/TDG-Logo_Black-1-e1592063006271.png","width":209,"height":190,"caption":"TDG Servi\u00e7os"},"image":{"@id":"https:\/\/www.tdgservicos.pt\/#\/schema\/logo\/image\/"},"sameAs":["https:\/\/www.facebook.com\/tdgservicos"]}]}},"_links":{"self":[{"href":"https:\/\/www.tdgservicos.pt\/es\/wp-json\/wp\/v2\/pages\/4339","targetHints":{"allow":["GET"]}}],"collection":[{"href":"https:\/\/www.tdgservicos.pt\/es\/wp-json\/wp\/v2\/pages"}],"about":[{"href":"https:\/\/www.tdgservicos.pt\/es\/wp-json\/wp\/v2\/types\/page"}],"author":[{"embeddable":true,"href":"https:\/\/www.tdgservicos.pt\/es\/wp-json\/wp\/v2\/users\/1"}],"replies":[{"embeddable":true,"href":"https:\/\/www.tdgservicos.pt\/es\/wp-json\/wp\/v2\/comments?post=4339"}],"version-history":[{"count":4,"href":"https:\/\/www.tdgservicos.pt\/es\/wp-json\/wp\/v2\/pages\/4339\/revisions"}],"predecessor-version":[{"id":4469,"href":"https:\/\/www.tdgservicos.pt\/es\/wp-json\/wp\/v2\/pages\/4339\/revisions\/4469"}],"wp:attachment":[{"href":"https:\/\/www.tdgservicos.pt\/es\/wp-json\/wp\/v2\/media?parent=4339"}],"curies":[{"name":"wp","href":"https:\/\/api.w.org\/{rel}","templated":true}]}}