{"id":4396,"date":"2019-04-22T10:19:04","date_gmt":"2019-04-22T10:19:04","guid":{"rendered":"https:\/\/www.tdgservicos.pt\/politique-de-confidentialite\/"},"modified":"2021-02-09T09:09:23","modified_gmt":"2021-02-09T09:09:23","slug":"politica-de-confidencialidad","status":"publish","type":"page","link":"https:\/\/www.tdgservicos.pt\/es\/politica-de-confidencialidad\/","title":{"rendered":"pol\u00edtica de confidencialidad"},"content":{"rendered":"<p>[vc_row][vc_column][vc_column_text]<\/p>\n<h2>Qui\u00e9nes somos<\/h2>\n<p>La direcci\u00f3n de nuestro sitio web es: www.tdgservicos.pt<\/p>\n<ol>\n<li><strong> Introducci\u00f3n <\/strong><\/li>\n<li>La privacidad de los visitantes de nuestro sitio es muy importante para nosotros y estamos comprometidos a protegerla. Esta pol\u00edtica explica lo que haremos con su informaci\u00f3n personal.<\/li>\n<li>El consentimiento para el uso de cookies de acuerdo con los t\u00e9rminos de esta pol\u00edtica cuando accede a nuestro sitio por primera vez nos permite utilizar cookies cada vez que accede a nuestro sitio.<\/li>\n<li><strong> Cr\u00e9ditos <\/strong> <br \/>Este documento se cre\u00f3 utilizando una plantilla de SEQ Legal (seqlegal.com) modificada por Website Planet (<a href=\"https:\/\/www.websiteplanet.com\/ \"> www.websiteplanet.com <\/a>)<\/li>\n<li><strong> Recopilaci\u00f3n de informaci\u00f3n personal <\/strong><\/li>\n<\/ol>\n<p>Se pueden recopilar, almacenar y utilizar los siguientes tipos de informaci\u00f3n personal:<\/p>\n<ol>\n<li>informaci\u00f3n sobre su computadora, incluida su direcci\u00f3n IP, ubicaci\u00f3n geogr\u00e1fica, tipo y versi\u00f3n del navegador y sistema operativo;<\/li>\n<li>informaci\u00f3n sobre sus visitas y uso de este sitio web, incluida la fuente de referencia, la duraci\u00f3n de la visita, las visitas a la p\u00e1gina y las rutas de navegaci\u00f3n en el sitio web;<\/li>\n<li>informaci\u00f3n, como su direcci\u00f3n de correo electr\u00f3nico, que ingresa al registrarse en nuestro sitio;<\/li>\n<li>informaci\u00f3n que ingresa al crear un perfil en nuestro sitio web, por ejemplo, su nombre, fotos de perfil, sexo, fecha de nacimiento, estado civil, intereses y pasatiempos, informaci\u00f3n educativa y laboral;<\/li>\n<li>informaci\u00f3n, como su nombre y direcci\u00f3n de correo electr\u00f3nico, que ingresa para configurar suscripciones a nuestros correos electr\u00f3nicos y \/ o boletines;<\/li>\n<li>informaci\u00f3n que ingresa mientras usa los servicios en nuestro sitio web;<\/li>\n<li>informaci\u00f3n generada al usar nuestro sitio web, incluido cu\u00e1ndo, con qu\u00e9 frecuencia y en qu\u00e9 circunstancias lo usa;<\/li>\n<li>informaci\u00f3n relacionada con todo lo que compra, los servicios que usa o las transacciones que realiza a trav\u00e9s de nuestro sitio web, incluido el nombre, la direcci\u00f3n, el n\u00famero de tel\u00e9fono, la direcci\u00f3n de correo electr\u00f3nico y los detalles de la tarjeta de cr\u00e9dito;<\/li>\n<li>informaci\u00f3n que publique en nuestro sitio web con la intenci\u00f3n de publicarla en Internet, incluido su nombre de usuario, im\u00e1genes de perfil y el contenido de sus publicaciones;<\/li>\n<li>informaci\u00f3n contenida en cualquier comunicaci\u00f3n que nos env\u00ede por correo electr\u00f3nico oa trav\u00e9s de nuestro sitio web, incluidos el contenido y los metadatos de la comunicaci\u00f3n;<\/li>\n<li>cualquier otra informaci\u00f3n personal que nos env\u00ede.<\/li>\n<\/ol>\n<p>Antes de revelarnos la informaci\u00f3n personal de otra persona, debe obtener el consentimiento de esa persona para la divulgaci\u00f3n y el procesamiento de esa informaci\u00f3n personal de acuerdo con esta pol\u00edtica.<\/p>\n<ol>\n<li><strong> Uso de su informaci\u00f3n personal <\/strong><\/li>\n<\/ol>\n<p>La informaci\u00f3n personal que se nos env\u00ede a trav\u00e9s de nuestro sitio web se utilizar\u00e1 para los fines especificados en esta pol\u00edtica o en las p\u00e1ginas relevantes del sitio web. Podemos utilizar su informaci\u00f3n personal para lo siguiente:<\/p>\n<ol>\n<li>administrar nuestro sitio web y nuestro negocio;<\/li>\n<li>personalizar nuestro sitio web para usted;<\/li>\n<li>habilitar el uso de los servicios disponibles en nuestro sitio web;<\/li>\n<li>enviar productos comprados a trav\u00e9s de nuestro sitio web;<\/li>\n<li>proporcionar servicios adquiridos a trav\u00e9s de nuestro sitio web;<\/li>\n<li>enviar extractos, facturas y recordatorios de pago, as\u00ed como cobrar sus pagos;<\/li>\n<li>enviar comunicaciones comerciales que no sean de marketing;<\/li>\n<li>enviar notificaciones por correo electr\u00f3nico solicitadas espec\u00edficamente por usted;<\/li>\n<li>enviar nuestro bolet\u00edn por correo electr\u00f3nico, si lo ha solicitado (puede informarnos en cualquier momento si ya no desea recibir el bolet\u00edn);<\/li>\n<li>enviar comunicaciones de marketing relacionadas con nuestro negocio o el negocio de terceros cuidadosamente seleccionado que creemos que ser\u00e1 de su inter\u00e9s, por correo o, cuando haya acordado espec\u00edficamente hacerlo, por correo electr\u00f3nico o tecnolog\u00eda similar (puede informarnos de en cualquier momento si ya no desea recibir comunicaciones de marketing);<\/li>\n<li>proporcionar a terceros informaci\u00f3n estad\u00edstica sobre nuestros usuarios (pero estos terceros no podr\u00e1n identificar a ning\u00fan usuario individual a partir de esa informaci\u00f3n);<\/li>\n<li>tratar preguntas y quejas hechas por usted o sobre usted con respecto a nuestro sitio web;<\/li>\n<li>mantener nuestro sitio seguro y prevenir el fraude;<\/li>\n<li>verificar el cumplimiento de los t\u00e9rminos y condiciones que rigen el uso de nuestro sitio web (incluida la supervisi\u00f3n de los mensajes privados enviados a trav\u00e9s del servicio de mensajer\u00eda privada de nuestro sitio web); y<\/li>\n<li>otros usos.<\/li>\n<\/ol>\n<p>Si env\u00eda informaci\u00f3n personal para su publicaci\u00f3n en nuestro sitio web, publicaremos y usaremos esa informaci\u00f3n de acuerdo con la licencia que nos ha otorgado.<\/p>\n<p>Su configuraci\u00f3n de privacidad se puede utilizar para limitar la publicaci\u00f3n de su informaci\u00f3n en nuestro sitio web y se puede ajustar mediante el uso de controles de privacidad en el sitio web.<\/p>\n<p>Sin su consentimiento expreso, no proporcionaremos su informaci\u00f3n personal a terceros con fines de marketing directo por parte de ellos o de terceros.<\/p>\n<ol>\n<li><strong> Divulgaci\u00f3n de informaci\u00f3n personal <\/strong><\/li>\n<\/ol>\n<p>Podemos divulgar su informaci\u00f3n personal a cualquiera de nuestros empleados, ejecutivos, compa\u00f1\u00edas de seguros, consultores profesionales, agentes, proveedores o subcontratistas seg\u00fan sea razonablemente necesario para los fines establecidos en esta pol\u00edtica.<\/p>\n<p>Podemos divulgar su informaci\u00f3n personal a cualquier miembro de nuestro grupo de empresas (esto significa nuestras subsidiarias, nuestra compa\u00f1\u00eda matriz y todas sus subsidiarias) seg\u00fan sea razonablemente necesario para los fines establecidos en esta pol\u00edtica.<\/p>\n<p>Podemos divulgar su informaci\u00f3n personal:<\/p>\n<ol>\n<li>en la medida en que la ley nos exija hacerlo;<\/li>\n<li>en relaci\u00f3n con cualquier demanda potencial o en curso;<\/li>\n<li>para establecer, ejercer o defender nuestros derechos legales (incluido el suministro de informaci\u00f3n a terceros con el fin de prevenir el fraude y reducir el riesgo de cr\u00e9dito);<\/li>\n<li>al comprador (o comprador potencial) de cualquier negocio o activo que estemos vendiendo (o contemplando vender); y<\/li>\n<li>cualquier persona que creamos razonablemente que puede solicitar a un tribunal u otra autoridad competente que divulgue esa informaci\u00f3n personal, cuando, en nuestra opini\u00f3n razonable, es probable que dicho tribunal o autoridad ordene la divulgaci\u00f3n de esa informaci\u00f3n personal.<\/li>\n<\/ol>\n<p>Salvo lo dispuesto en esta pol\u00edtica, no proporcionaremos su informaci\u00f3n personal a terceros.<\/p>\n<ol>\n<li><strong> Transferencias internacionales de datos <\/strong><\/li>\n<li>La informaci\u00f3n que recopilamos puede almacenarse, procesarse y transferirse entre cualquiera de los pa\u00edses en los que operamos, para permitirnos usar la informaci\u00f3n de acuerdo con esta pol\u00edtica.<\/li>\n<li>La informaci\u00f3n que recopilamos puede ser transferida a los siguientes pa\u00edses que no tienen leyes de protecci\u00f3n de datos equivalentes a las vigentes en el Espacio Econ\u00f3mico Europeo: Estados Unidos de Am\u00e9rica, Rusia, Jap\u00f3n, China e India.<\/li>\n<li>La informaci\u00f3n personal que publica en nuestro sitio o env\u00eda para su publicaci\u00f3n en nuestro sitio puede estar disponible a trav\u00e9s de Internet en todo el mundo. No podemos evitar el uso o mal uso de dicha informaci\u00f3n por parte de terceros.<\/li>\n<li>Usted acepta expresamente las transferencias de informaci\u00f3n personal descritas en esta secci\u00f3n F.<\/li>\n<li><strong> Retenci\u00f3n de informaci\u00f3n personal <\/strong><\/li>\n<li>Esta secci\u00f3n G define nuestras pol\u00edticas y procedimientos de retenci\u00f3n de datos, dise\u00f1ados para ayudar a garantizar que cumplimos con nuestras obligaciones legales con respecto a la retenci\u00f3n y eliminaci\u00f3n de informaci\u00f3n personal.<\/li>\n<li>La informaci\u00f3n personal que procesamos para cualquier prop\u00f3sito o prop\u00f3sitos no debe conservarse m\u00e1s tiempo del necesario para ese prop\u00f3sito o prop\u00f3sitos.<\/li>\n<li>Sin perjuicio del art\u00edculo G-2, generalmente excluiremos los datos personales pertenecientes a las categor\u00edas definidas a continuaci\u00f3n en la fecha \/ hora que se define a continuaci\u00f3n:\n<ol>\n<li>se eliminar\u00e1 el tipo de datos personales {INSERT DATE \/ TIME}; y<\/li>\n<li>{INSERTAR FECHAS \/ HORAS ADICIONALES}.<\/li>\n<\/ol>\n<\/li>\n<li>Sin perjuicio de las dem\u00e1s disposiciones de esta secci\u00f3n G, conservaremos los documentos (incluidos los documentos electr\u00f3nicos) que contienen datos personales:\n<ol>\n<li>en la medida en que la ley nos exija hacerlo;<\/li>\n<li>si creemos que los documentos pueden ser relevantes para cualquier litigio potencial o en curso; y<\/li>\n<li>para establecer, ejercer o defender nuestros derechos legales (incluido el suministro de informaci\u00f3n a terceros con el fin de prevenir el fraude y reducir el riesgo crediticio).<\/li>\n<li><strong> Seguridad de su informaci\u00f3n personal <\/strong><\/li>\n<\/ol>\n<\/li>\n<li>Tomaremos las precauciones t\u00e9cnicas y organizativas adecuadas para evitar la p\u00e9rdida, el mal uso o la alteraci\u00f3n de su informaci\u00f3n personal.<\/li>\n<li>Almacenaremos toda su informaci\u00f3n personal proporcionada en nuestros servidores seguros (protegidos con contrase\u00f1a y firewall).<\/li>\n<li>Todas las transacciones financieras electr\u00f3nicas realizadas a trav\u00e9s de nuestro sitio web estar\u00e1n protegidas por tecnolog\u00eda de cifrado.<\/li>\n<li>Usted reconoce que la transmisi\u00f3n de informaci\u00f3n a trav\u00e9s de Internet es intr\u00ednsecamente insegura y que no podemos garantizar la seguridad de los datos enviados a trav\u00e9s de Internet.<\/li>\n<li>Usted es responsable de mantener la confidencialidad de la contrase\u00f1a utilizada para acceder a nuestro sitio web; no le pediremos su contrase\u00f1a (excepto cuando inicie sesi\u00f3n en nuestro sitio web).<\/li>\n<li><strong> Cambios <\/strong><\/li>\n<\/ol>\n<p>Podemos actualizar esta pol\u00edtica peri\u00f3dicamente mediante la publicaci\u00f3n de una nueva versi\u00f3n en nuestro sitio web. Debe consultar esta p\u00e1gina de vez en cuando para asegurarse de que comprende cualquier cambio en esta pol\u00edtica. Podemos notificarle los cambios a esta pol\u00edtica por correo electr\u00f3nico o mediante el sistema de mensajer\u00eda privada en nuestro sitio web.<\/p>\n<ol>\n<li><strong> Sus derechos <\/strong><\/li>\n<\/ol>\n<p>Puede indicarnos que proporcionemos cualquier informaci\u00f3n personal que tengamos sobre usted; el suministro de dicha informaci\u00f3n estar\u00e1 sujeto a lo siguiente:<\/p>\n<ol>\n<li>pago de una tarifa {INSERT RATE, IF RELEVANT}; y<\/li>\n<li>proporcionar evidencia apropiada de su identidad ({AJUSTE EL TEXTO PARA REFLEJAR SU POL\u00cdTICA para este prop\u00f3sito; generalmente aceptaremos una copia certificada de su pasaporte m\u00e1s una copia original de una factura de servicio que muestre su direcci\u00f3n actual}). &lt;\/ li &gt;<\/li>\n<\/ol>\n<p>Podemos retener la informaci\u00f3n personal solicitada en la medida permitida por la ley.<\/p>\n<p>Puede indicarnos en cualquier momento que no procesemos su informaci\u00f3n personal con fines de marketing.<\/p>\n<p>En la pr\u00e1ctica, generalmente aceptar\u00e1 expresamente de antemano el uso de su informaci\u00f3n personal con fines de marketing, o le ofreceremos la oportunidad de no permitir el uso de su informaci\u00f3n personal con fines de marketing.<\/p>\n<ol>\n<li><strong> Sitios de terceros <\/strong><\/li>\n<\/ol>\n<p>Nuestro sitio web incluye enlaces y detalles de sitios web de terceros. No tenemos control ni somos responsables de las pol\u00edticas y pr\u00e1cticas de privacidad de terceros.<\/p>\n<ol>\n<li><strong> Actualizaci\u00f3n de informaci\u00f3n <\/strong><\/li>\n<\/ol>\n<p>H\u00e1ganos saber si la informaci\u00f3n personal que tenemos sobre usted necesita ser corregida o actualizada.<\/p>\n<ol>\n<li><strong> Cookies <\/strong><\/li>\n<\/ol>\n<p>Nuestro sitio web utiliza cookies. Una cookie es un archivo que contiene un identificador (una secuencia de letras y n\u00fameros) que es enviado por un servidor web a un navegador y almacenado por el navegador. A continuaci\u00f3n, el identificador se env\u00eda de vuelta al servidor cada vez que el navegador solicita una p\u00e1gina del servidor. Las cookies pueden ser cookies \u201cpersistentes\u201d o cookies de \u201csesi\u00f3n\u201d: un navegador almacenar\u00e1 una cookie persistente y seguir\u00e1 siendo v\u00e1lida hasta la fecha de vencimiento definida, a menos que el usuario la elimine antes de la fecha de vencimiento; una cookie de sesi\u00f3n, por otro lado, caducar\u00e1 al final de la sesi\u00f3n del usuario, cuando se cierre el navegador. Las cookies normalmente no contienen ninguna informaci\u00f3n que identifique personalmente a un usuario, pero la informaci\u00f3n personal que almacenamos sobre usted puede estar vinculada a informaci\u00f3n almacenada y obtenida de las cookies. {SELECCIONE LA FRASE CORRECTA Solo usamos cookies de sesi\u00f3n \/ solo cookies persistentes \/ cookies persistentes y de sesi\u00f3n en nuestro sitio web.}<\/p>\n<ol>\n<li>Los nombres de las cookies que utilizamos en nuestro sitio web y los fines para los que se utilizan se describen a continuaci\u00f3n:\n<ol>\n<li>utilizamos Google Analytics y Adwords en nuestro sitio web para {INCLUIR TODOS LOS CASOS DE USO DE COOKIES EN SU SITIO reconocer una computadora cuando un usuario accede al sitio \/ rastrear usuarios mientras navegan por el sitio \/ permitir el uso de un carrito de compras en el sitio \/ mejorar la usabilidad del sitio \/ analizar el uso del sitio \/ administrar el sitio \/ prevenir el fraude y mejorar la seguridad del sitio \/ personalizar el sitio para cada usuario \/ segmentar anuncios que puedan ser de particular inter\u00e9s para usuarios espec\u00edficos \/ describir los objetivos}; &lt;\/ li&gt;<\/li>\n<\/ol>\n<\/li>\n<li>La mayor\u00eda de los navegadores le permiten negarse a aceptar cookies, por ejemplo:\n<ol>\n<li>en Internet Explorer (versi\u00f3n 10), puede bloquear las cookies utilizando la configuraci\u00f3n de cancelaci\u00f3n de manipulaci\u00f3n de cookies disponible haciendo clic en \u00abHerramientas\u00bb, \u00abOpciones de Internet\u00bb, \u00abPrivacidad\u00bb y \u00abAvanzado\u00bb;<\/li>\n<li>en Firefox (versi\u00f3n 24), puede bloquear todas las cookies haciendo clic en \u00abHerramientas\u00bb, \u00abOpciones\u00bb, \u00abPrivacidad\u00bb, seleccionando \u00abUsar configuraci\u00f3n personalizada para el historial\u00bb en el men\u00fa desplegable y desmarcando \u00abAceptar cookies de sitios \u00ab; y<\/li>\n<li>en Chrome (versi\u00f3n 29), puede bloquear todas las cookies yendo al men\u00fa \u00abPersonalizar y controlar\u00bb y haciendo clic en \u00abConfiguraci\u00f3n\u00bb, \u00abAvanzado\u00bb y \u00abConfiguraci\u00f3n del sitio\u00bb y luego seleccionando \u00abBloquear cookies de terceros\u00bb en la secci\u00f3n \u00abCookies y datos del sitio\u00bb.<\/li>\n<\/ol>\n<\/li>\n<\/ol>\n<p>El bloqueo de todas las cookies tendr\u00e1 un impacto negativo en la usabilidad de muchos sitios web. Si bloquea las cookies, no podr\u00e1 utilizar todas las funciones de nuestro sitio web.<\/p>\n<ol start=\"3\">\n<li>Puede eliminar las cookies que ya est\u00e1n almacenadas en su computadora, por ejemplo:\n<ol>\n<li>en Internet Explorer (versi\u00f3n 10), debe eliminar los archivos de cookies manualmente (consulte las instrucciones para hacerlo en <a href=\"http:\/\/support.microsoft.com\/kb\/278835\"> http: \/ \/ support .microsoft.com \/ kb \/ 278835 <\/a>);<\/li>\n<li>en Firefox (versi\u00f3n 24), puede eliminar las cookies haciendo clic en \u00abHerramientas\u00bb, \u00abOpciones\u00bb, \u00abPrivacidad\u00bb, seleccionando \u00abUsar configuraci\u00f3n personalizada para el historial\u00bb, haciendo clic en \u00abMostrar cookies\u00bb y luego en \u00abEliminar todas las cookies\u00bb; y<\/li>\n<li>en Chrome (versi\u00f3n 29), puede eliminar todas las cookies accediendo al men\u00fa \u00abPersonalizar y controlar\u00bb y haciendo clic en \u00abConfiguraci\u00f3n\u00bb, \u00abAvanzado\u00bb, \u00abBorrar datos de navegaci\u00f3n\u00bb y luego seleccionando \u00abEliminar cookies y otros sitios web y complementos datos \u00abantes de hacer clic en\u00bb Eliminar datos de navegaci\u00f3n \u00ab.<\/li>\n<\/ol>\n<\/li>\n<li>Eliminar las cookies tendr\u00e1 un impacto negativo en la usabilidad de muchos sitios.<\/li>\n<\/ol>\n<p>[\/vc_column_text][\/vc_column][\/vc_row]<\/p>\n","protected":false},"excerpt":{"rendered":"<p>[vc_row][vc_column][vc_column_text] Qui\u00e9nes somos La direcci\u00f3n de nuestro sitio web es: www.tdgservicos.pt Introducci\u00f3n La privacidad de los visitantes de nuestro sitio es muy importante para nosotros y estamos comprometidos a protegerla.<\/p>\n<p class=\"more-link-wrapper\"><a class=\"btn btn-primary\" href=\"https:\/\/www.tdgservicos.pt\/es\/politica-de-confidencialidad\/\">Read More<\/a><\/p>\n","protected":false},"author":1,"featured_media":0,"parent":0,"menu_order":0,"comment_status":"closed","ping_status":"open","template":"","meta":{"footnotes":""},"class_list":["post-4396","page","type-page","status-publish","hentry"],"yoast_head":"<!-- This site is optimized with the Yoast SEO plugin v27.2 - https:\/\/yoast.com\/product\/yoast-seo-wordpress\/ -->\n<title>pol\u00edtica de confidencialidad - TDG<\/title>\n<meta name=\"robots\" content=\"index, follow, max-snippet:-1, max-image-preview:large, max-video-preview:-1\" \/>\n<link rel=\"canonical\" href=\"https:\/\/www.tdgservicos.pt\/es\/politica-de-confidencialidad\/\" \/>\n<meta property=\"og:locale\" content=\"es_ES\" \/>\n<meta property=\"og:type\" content=\"article\" \/>\n<meta property=\"og:title\" content=\"pol\u00edtica de confidencialidad - TDG\" \/>\n<meta property=\"og:description\" content=\"[vc_row][vc_column][vc_column_text] Qui\u00e9nes somos La direcci\u00f3n de nuestro sitio web es: www.tdgservicos.pt Introducci\u00f3n La privacidad de los visitantes de nuestro sitio es muy importante para nosotros y estamos comprometidos a protegerla.Read More\" \/>\n<meta property=\"og:url\" content=\"https:\/\/www.tdgservicos.pt\/es\/politica-de-confidencialidad\/\" \/>\n<meta property=\"og:site_name\" content=\"TDG\" \/>\n<meta property=\"article:publisher\" content=\"https:\/\/www.facebook.com\/tdgservicos\" \/>\n<meta property=\"article:modified_time\" content=\"2021-02-09T09:09:23+00:00\" \/>\n<meta name=\"twitter:card\" content=\"summary_large_image\" \/>\n<meta name=\"twitter:label1\" content=\"Tiempo de lectura\" \/>\n\t<meta name=\"twitter:data1\" content=\"10 minutos\" \/>\n<script type=\"application\/ld+json\" class=\"yoast-schema-graph\">{\"@context\":\"https:\/\/schema.org\",\"@graph\":[{\"@type\":\"WebPage\",\"@id\":\"https:\/\/www.tdgservicos.pt\/es\/politica-de-confidencialidad\/\",\"url\":\"https:\/\/www.tdgservicos.pt\/es\/politica-de-confidencialidad\/\",\"name\":\"pol\u00edtica de confidencialidad - TDG\",\"isPartOf\":{\"@id\":\"https:\/\/www.tdgservicos.pt\/#website\"},\"datePublished\":\"2019-04-22T10:19:04+00:00\",\"dateModified\":\"2021-02-09T09:09:23+00:00\",\"breadcrumb\":{\"@id\":\"https:\/\/www.tdgservicos.pt\/es\/politica-de-confidencialidad\/#breadcrumb\"},\"inLanguage\":\"es\",\"potentialAction\":[{\"@type\":\"ReadAction\",\"target\":[\"https:\/\/www.tdgservicos.pt\/es\/politica-de-confidencialidad\/\"]}]},{\"@type\":\"BreadcrumbList\",\"@id\":\"https:\/\/www.tdgservicos.pt\/es\/politica-de-confidencialidad\/#breadcrumb\",\"itemListElement\":[{\"@type\":\"ListItem\",\"position\":1,\"name\":\"In\u00edcio\",\"item\":\"https:\/\/www.tdgservicos.pt\/es\/homepage\/\"},{\"@type\":\"ListItem\",\"position\":2,\"name\":\"pol\u00edtica de confidencialidad\"}]},{\"@type\":\"WebSite\",\"@id\":\"https:\/\/www.tdgservicos.pt\/#website\",\"url\":\"https:\/\/www.tdgservicos.pt\/\",\"name\":\"TDG Servi\u00e7os\",\"description\":\"Servi\u00e7os\",\"publisher\":{\"@id\":\"https:\/\/www.tdgservicos.pt\/#organization\"},\"potentialAction\":[{\"@type\":\"SearchAction\",\"target\":{\"@type\":\"EntryPoint\",\"urlTemplate\":\"https:\/\/www.tdgservicos.pt\/?s={search_term_string}\"},\"query-input\":{\"@type\":\"PropertyValueSpecification\",\"valueRequired\":true,\"valueName\":\"search_term_string\"}}],\"inLanguage\":\"es\"},{\"@type\":\"Organization\",\"@id\":\"https:\/\/www.tdgservicos.pt\/#organization\",\"name\":\"TDG Servi\u00e7os\",\"url\":\"https:\/\/www.tdgservicos.pt\/\",\"logo\":{\"@type\":\"ImageObject\",\"inLanguage\":\"es\",\"@id\":\"https:\/\/www.tdgservicos.pt\/#\/schema\/logo\/image\/\",\"url\":\"https:\/\/www.tdgservicos.pt\/wp-content\/uploads\/2020\/06\/TDG-Logo_Black-1-e1592063006271.png\",\"contentUrl\":\"https:\/\/www.tdgservicos.pt\/wp-content\/uploads\/2020\/06\/TDG-Logo_Black-1-e1592063006271.png\",\"width\":209,\"height\":190,\"caption\":\"TDG Servi\u00e7os\"},\"image\":{\"@id\":\"https:\/\/www.tdgservicos.pt\/#\/schema\/logo\/image\/\"},\"sameAs\":[\"https:\/\/www.facebook.com\/tdgservicos\"]}]}<\/script>\n<!-- \/ Yoast SEO plugin. -->","yoast_head_json":{"title":"pol\u00edtica de confidencialidad - TDG","robots":{"index":"index","follow":"follow","max-snippet":"max-snippet:-1","max-image-preview":"max-image-preview:large","max-video-preview":"max-video-preview:-1"},"canonical":"https:\/\/www.tdgservicos.pt\/es\/politica-de-confidencialidad\/","og_locale":"es_ES","og_type":"article","og_title":"pol\u00edtica de confidencialidad - TDG","og_description":"[vc_row][vc_column][vc_column_text] Qui\u00e9nes somos La direcci\u00f3n de nuestro sitio web es: www.tdgservicos.pt Introducci\u00f3n La privacidad de los visitantes de nuestro sitio es muy importante para nosotros y estamos comprometidos a protegerla.Read More","og_url":"https:\/\/www.tdgservicos.pt\/es\/politica-de-confidencialidad\/","og_site_name":"TDG","article_publisher":"https:\/\/www.facebook.com\/tdgservicos","article_modified_time":"2021-02-09T09:09:23+00:00","twitter_card":"summary_large_image","twitter_misc":{"Tiempo de lectura":"10 minutos"},"schema":{"@context":"https:\/\/schema.org","@graph":[{"@type":"WebPage","@id":"https:\/\/www.tdgservicos.pt\/es\/politica-de-confidencialidad\/","url":"https:\/\/www.tdgservicos.pt\/es\/politica-de-confidencialidad\/","name":"pol\u00edtica de confidencialidad - TDG","isPartOf":{"@id":"https:\/\/www.tdgservicos.pt\/#website"},"datePublished":"2019-04-22T10:19:04+00:00","dateModified":"2021-02-09T09:09:23+00:00","breadcrumb":{"@id":"https:\/\/www.tdgservicos.pt\/es\/politica-de-confidencialidad\/#breadcrumb"},"inLanguage":"es","potentialAction":[{"@type":"ReadAction","target":["https:\/\/www.tdgservicos.pt\/es\/politica-de-confidencialidad\/"]}]},{"@type":"BreadcrumbList","@id":"https:\/\/www.tdgservicos.pt\/es\/politica-de-confidencialidad\/#breadcrumb","itemListElement":[{"@type":"ListItem","position":1,"name":"In\u00edcio","item":"https:\/\/www.tdgservicos.pt\/es\/homepage\/"},{"@type":"ListItem","position":2,"name":"pol\u00edtica de confidencialidad"}]},{"@type":"WebSite","@id":"https:\/\/www.tdgservicos.pt\/#website","url":"https:\/\/www.tdgservicos.pt\/","name":"TDG Servi\u00e7os","description":"Servi\u00e7os","publisher":{"@id":"https:\/\/www.tdgservicos.pt\/#organization"},"potentialAction":[{"@type":"SearchAction","target":{"@type":"EntryPoint","urlTemplate":"https:\/\/www.tdgservicos.pt\/?s={search_term_string}"},"query-input":{"@type":"PropertyValueSpecification","valueRequired":true,"valueName":"search_term_string"}}],"inLanguage":"es"},{"@type":"Organization","@id":"https:\/\/www.tdgservicos.pt\/#organization","name":"TDG Servi\u00e7os","url":"https:\/\/www.tdgservicos.pt\/","logo":{"@type":"ImageObject","inLanguage":"es","@id":"https:\/\/www.tdgservicos.pt\/#\/schema\/logo\/image\/","url":"https:\/\/www.tdgservicos.pt\/wp-content\/uploads\/2020\/06\/TDG-Logo_Black-1-e1592063006271.png","contentUrl":"https:\/\/www.tdgservicos.pt\/wp-content\/uploads\/2020\/06\/TDG-Logo_Black-1-e1592063006271.png","width":209,"height":190,"caption":"TDG Servi\u00e7os"},"image":{"@id":"https:\/\/www.tdgservicos.pt\/#\/schema\/logo\/image\/"},"sameAs":["https:\/\/www.facebook.com\/tdgservicos"]}]}},"_links":{"self":[{"href":"https:\/\/www.tdgservicos.pt\/es\/wp-json\/wp\/v2\/pages\/4396","targetHints":{"allow":["GET"]}}],"collection":[{"href":"https:\/\/www.tdgservicos.pt\/es\/wp-json\/wp\/v2\/pages"}],"about":[{"href":"https:\/\/www.tdgservicos.pt\/es\/wp-json\/wp\/v2\/types\/page"}],"author":[{"embeddable":true,"href":"https:\/\/www.tdgservicos.pt\/es\/wp-json\/wp\/v2\/users\/1"}],"replies":[{"embeddable":true,"href":"https:\/\/www.tdgservicos.pt\/es\/wp-json\/wp\/v2\/comments?post=4396"}],"version-history":[{"count":3,"href":"https:\/\/www.tdgservicos.pt\/es\/wp-json\/wp\/v2\/pages\/4396\/revisions"}],"predecessor-version":[{"id":4477,"href":"https:\/\/www.tdgservicos.pt\/es\/wp-json\/wp\/v2\/pages\/4396\/revisions\/4477"}],"wp:attachment":[{"href":"https:\/\/www.tdgservicos.pt\/es\/wp-json\/wp\/v2\/media?parent=4396"}],"curies":[{"name":"wp","href":"https:\/\/api.w.org\/{rel}","templated":true}]}}