{"id":4334,"date":"2019-04-23T11:46:03","date_gmt":"2019-04-23T11:46:03","guid":{"rendered":"https:\/\/www.tdgservicos.pt\/homepage\/"},"modified":"2021-02-09T05:35:21","modified_gmt":"2021-02-09T05:35:21","slug":"homepage","status":"publish","type":"page","link":"https:\/\/www.tdgservicos.pt\/fr\/","title":{"rendered":"Accueil"},"content":{"rendered":"<p>[vc_row full_width=\u00a0\u00bbstretch_row\u00a0\u00bb css=\u00a0\u00bb.vc_custom_1556185067265{padding-top: 8em !important;padding-bottom: 10em !important;background-color: #000000 !important;}\u00a0\u00bb][vc_column][vc_single_image image=\u00a0\u00bb3874&Prime; img_size=\u00a0\u00bbfull\u00a0\u00bb alignment=\u00a0\u00bbcenter\u00a0\u00bb css=\u00a0\u00bb.vc_custom_1599756210003{margin-bottom: 0px !important;}\u00a0\u00bb][vc_row_inner equal_height=\u00a0\u00bbyes\u00a0\u00bb content_placement=\u00a0\u00bbmiddle\u00a0\u00bb css=\u00a0\u00bb.vc_custom_1556093058576{padding-top: 8em !important;}\u00a0\u00bb][vc_column_inner width=\u00a0\u00bb1\/2&Prime;][vc_single_image image=\u00a0\u00bb3992&Prime; img_size=\u00a0\u00bbfull\u00a0\u00bb css=\u00a0\u00bb.vc_custom_1610543391392{margin-bottom: 0px !important;}\u00a0\u00bb][\/vc_column_inner][vc_column_inner width=\u00a0\u00bb1\/2&Prime; css=\u00a0\u00bb.vc_custom_1556093129663{padding: 15% !important;background-color: #ffffff !important;}\u00a0\u00bb]\n\t<div class=\"title-subtitle-box  \" style=\" text-align: left;\">\n\t\t<h1 style=\" font-style: normal;\" class=\"special-title\" >\n\t\t<span style=\"\">Qui nous sommes<\/span>Notre histoire<\/h1>\n\t\t<span class=\"gg-horizontal-line\"  ><\/span>\n\t\t<div class=\"box-description\"><p>TDG Servi\u00e7os a commenc\u00e9 son histoire en 2018 en fusionnant avec la soci\u00e9t\u00e9 WJF Unipessoal, pr\u00e9sente sur le march\u00e9 depuis plus de 7 ans. Avec cette fusion, une plus grande incision sur le march\u00e9 de la viande \u00e9tait possible, permettant d&rsquo;\u00e9tendre nos services \u00e0 l&rsquo;ensemble de l&rsquo;Union europ\u00e9enne.<\/p>\n<p>TDG Servi\u00e7os se pose pour r\u00e9pondre aux besoins de nos clients en termes de co\u00fbts de main-d&rsquo;\u0153uvre et d&rsquo;affaires.<\/p>\n<p>Son principal objectif commercial est de fournir des services sp\u00e9cialis\u00e9s de d\u00e9sossage, de d\u00e9coupe, d&rsquo;abattage, de d\u00e9coupe, d&#8217;emballage et de transformation.<\/p>\n<p>TDG Servi\u00e7os a son si\u00e8ge \u00e0 Montijo &#8211; Portugal, o\u00f9 se trouve son bureau, o\u00f9 toutes les d\u00e9cisions administratives sont prises.<\/p>\n<\/div>\n\t<\/div> [\/vc_column_inner][\/vc_row_inner]\n\t<div class=\"title-subtitle-box  vc_custom_1612793933426\" style=\" text-align: center;\">\n\t\t<h5 style=\" color:#ffffff;  font-style: normal;\" class=\"special-title\" >D\u00e9di\u00e9 au succ\u00e8s de votre produit.<\/h5>\n\t<\/div> [\/vc_column][\/vc_row][vc_row css=\u00a0\u00bb.vc_custom_1556114245236{padding-top: 7em !important;padding-bottom: 7em !important;}\u00a0\u00bb][vc_column]\n\t<div class=\"title-subtitle-box  \" style=\" text-align: center;\">\n\t\t<h5 style=\" font-style: normal;\" class=\"special-title\" >D\u00e9couvrez nos excellents services.<\/h5>\n\t<\/div> [\/vc_column][\/vc_row][vc_row css=\u00a0\u00bb.vc_custom_1556827343320{padding-right: 10% !important;padding-left: 10% !important;background-image: url(http:\/\/okthemes.com\/sarasdemo\/wp-content\/uploads\/2019\/04\/homepage-services-v3.jpg?id=235) !important;background-position: center !important;background-repeat: no-repeat !important;background-size: contain !important;}\u00a0\u00bb][vc_column][vc_row_inner][vc_column_inner width=\u00a0\u00bb1\/3&Prime;]\n\t<div class=\"featured-image-box  text-align-center overlay_style_1  vc_custom_1612793969065\">\n\t\t<figure class=\"\">\n\t\t\t<div class=\"image-wrapper\">\n\t\t\t<img decoding=\"async\" width=\"570\" height=\"615\" src=\"https:\/\/www.tdgservicos.pt\/wp-content\/uploads\/2020\/11\/2.jpg\" class=\"vc_single_image-img attachment-full\" alt=\"\" srcset=\"https:\/\/www.tdgservicos.pt\/wp-content\/uploads\/2020\/11\/2.jpg 570w, https:\/\/www.tdgservicos.pt\/wp-content\/uploads\/2020\/11\/2-278x300.jpg 278w\" sizes=\"(max-width: 570px) 100vw, 570px\" \/>\n\t\t\t<\/div>\n\t\t<figcaption>\n\t\t\t<h4><span>celebrate<\/span> Abattage d'animaux<\/h4>\n\t\t\t\n\t\t<\/figcaption>\n\t\t<\/figure>\n\t<\/div> \n\t<div class=\"featured-image-box  text-align-center overlay_style_1  vc_custom_1612793983602\">\n\t\t<figure class=\"\">\n\t\t\t<div class=\"image-wrapper\">\n\t\t\t<img decoding=\"async\" width=\"570\" height=\"615\" src=\"https:\/\/www.tdgservicos.pt\/wp-content\/uploads\/2020\/11\/25.jpg\" class=\"vc_single_image-img attachment-full\" alt=\"\" srcset=\"https:\/\/www.tdgservicos.pt\/wp-content\/uploads\/2020\/11\/25.jpg 570w, https:\/\/www.tdgservicos.pt\/wp-content\/uploads\/2020\/11\/25-278x300.jpg 278w\" sizes=\"(max-width: 570px) 100vw, 570px\" \/>\n\t\t\t<\/div>\n\t\t<figcaption>\n\t\t\t<h4><span>celebrate<\/span> Couper<\/h4>\n\t\t\t\n\t\t<\/figcaption>\n\t\t<\/figure>\n\t<\/div> [\/vc_column_inner][vc_column_inner width=\u00a0\u00bb1\/3&Prime;]\n\t<div class=\"featured-image-box  text-align-center overlay_style_1  vc_custom_1612793998842\">\n\t\t<figure class=\"\">\n\t\t\t<div class=\"image-wrapper\">\n\t\t\t<img decoding=\"async\" width=\"570\" height=\"615\" src=\"https:\/\/www.tdgservicos.pt\/wp-content\/uploads\/2020\/11\/23.jpg\" class=\"vc_single_image-img attachment-full\" alt=\"\" srcset=\"https:\/\/www.tdgservicos.pt\/wp-content\/uploads\/2020\/11\/23.jpg 570w, https:\/\/www.tdgservicos.pt\/wp-content\/uploads\/2020\/11\/23-278x300.jpg 278w\" sizes=\"(max-width: 570px) 100vw, 570px\" \/>\n\t\t\t<\/div>\n\t\t<figcaption>\n\t\t\t<h4><span>celebrate<\/span> D\u00e9sossage<\/h4>\n\t\t\t\n\t\t<\/figcaption>\n\t\t<\/figure>\n\t<\/div> \n\t<div class=\"featured-image-box  text-align-center overlay_style_1  vc_custom_1612794013651\">\n\t\t<figure class=\"\">\n\t\t\t<div class=\"image-wrapper\">\n\t\t\t<img decoding=\"async\" width=\"570\" height=\"615\" src=\"https:\/\/www.tdgservicos.pt\/wp-content\/uploads\/2020\/11\/Chourico-1.png\" class=\"vc_single_image-img attachment-full\" alt=\"\" srcset=\"https:\/\/www.tdgservicos.pt\/wp-content\/uploads\/2020\/11\/Chourico-1.png 570w, https:\/\/www.tdgservicos.pt\/wp-content\/uploads\/2020\/11\/Chourico-1-278x300.png 278w\" sizes=\"(max-width: 570px) 100vw, 570px\" \/>\n\t\t\t<\/div>\n\t\t<figcaption>\n\t\t\t<h4><span>celebrate<\/span> En traitement<\/h4>\n\t\t\t\n\t\t<\/figcaption>\n\t\t<\/figure>\n\t<\/div> [\/vc_column_inner][vc_column_inner width=\u00a0\u00bb1\/3&Prime;]\n\t<div class=\"featured-image-box  text-align-center overlay_style_1  vc_custom_1612794026030\">\n\t\t<figure class=\"\">\n\t\t\t<div class=\"image-wrapper\">\n\t\t\t<img decoding=\"async\" width=\"570\" height=\"615\" src=\"https:\/\/www.tdgservicos.pt\/wp-content\/uploads\/2020\/11\/1.jpg\" class=\"vc_single_image-img attachment-full\" alt=\"\" srcset=\"https:\/\/www.tdgservicos.pt\/wp-content\/uploads\/2020\/11\/1.jpg 570w, https:\/\/www.tdgservicos.pt\/wp-content\/uploads\/2020\/11\/1-278x300.jpg 278w\" sizes=\"(max-width: 570px) 100vw, 570px\" \/>\n\t\t\t<\/div>\n\t\t<figcaption>\n\t\t\t<h4><span>celebrate<\/span> D\u00e9manteler<\/h4>\n\t\t\t\n\t\t<\/figcaption>\n\t\t<\/figure>\n\t<\/div> \n\t<div class=\"featured-image-box  text-align-center overlay_style_1  \">\n\t\t<figure class=\"\">\n\t\t\t<div class=\"image-wrapper\">\n\t\t\t<img decoding=\"async\" width=\"570\" height=\"615\" src=\"https:\/\/www.tdgservicos.pt\/wp-content\/uploads\/2020\/11\/22.jpg\" class=\"vc_single_image-img attachment-full\" alt=\"\" srcset=\"https:\/\/www.tdgservicos.pt\/wp-content\/uploads\/2020\/11\/22.jpg 570w, https:\/\/www.tdgservicos.pt\/wp-content\/uploads\/2020\/11\/22-278x300.jpg 278w\" sizes=\"(max-width: 570px) 100vw, 570px\" \/>\n\t\t\t<\/div>\n\t\t<figcaption>\n\t\t\t<h4><span>celebrate<\/span> Emballage<\/h4>\n\t\t\t\n\t\t<\/figcaption>\n\t\t<\/figure>\n\t<\/div> [\/vc_column_inner][\/vc_row_inner][\/vc_column][\/vc_row]<\/p>\n","protected":false},"excerpt":{"rendered":"<p>[vc_row full_width=\u00a0\u00bbstretch_row\u00a0\u00bb css=\u00a0\u00bb.vc_custom_1556185067265{padding-top: 8em !important;padding-bottom: 10em !important;background-color: #000000 !important;}\u00a0\u00bb][vc_column][vc_single_image image=\u00a0\u00bb3874&Prime; img_size=\u00a0\u00bbfull\u00a0\u00bb alignment=\u00a0\u00bbcenter\u00a0\u00bb css=\u00a0\u00bb.vc_custom_1599756210003{margin-bottom: 0px !important;}\u00a0\u00bb][vc_row_inner equal_height=\u00a0\u00bbyes\u00a0\u00bb content_placement=\u00a0\u00bbmiddle\u00a0\u00bb css=\u00a0\u00bb.vc_custom_1556093058576{padding-top: 8em !important;}\u00a0\u00bb][vc_column_inner width=\u00a0\u00bb1\/2&Prime;][vc_single_image image=\u00a0\u00bb3992&Prime; img_size=\u00a0\u00bbfull\u00a0\u00bb css=\u00a0\u00bb.vc_custom_1610543391392{margin-bottom: 0px !important;}\u00a0\u00bb][\/vc_column_inner][vc_column_inner width=\u00a0\u00bb1\/2&Prime; css=\u00a0\u00bb.vc_custom_1556093129663{padding: 15% !important;background-color:<\/p>\n<p class=\"more-link-wrapper\"><a class=\"btn btn-primary\" href=\"https:\/\/www.tdgservicos.pt\/fr\/\">Read More<\/a><\/p>\n","protected":false},"author":1,"featured_media":0,"parent":0,"menu_order":0,"comment_status":"closed","ping_status":"closed","template":"","meta":{"footnotes":""},"class_list":["post-4334","page","type-page","status-publish","hentry"],"yoast_head":"<!-- This site is optimized with the Yoast SEO plugin v27.2 - https:\/\/yoast.com\/product\/yoast-seo-wordpress\/ -->\n<title>Accueil - TDG<\/title>\n<meta name=\"robots\" content=\"index, follow, max-snippet:-1, max-image-preview:large, max-video-preview:-1\" \/>\n<link rel=\"canonical\" href=\"https:\/\/www.tdgservicos.pt\/fr\/homepage\/\" \/>\n<meta property=\"og:locale\" content=\"fr_FR\" \/>\n<meta property=\"og:type\" content=\"article\" \/>\n<meta property=\"og:title\" content=\"Accueil - TDG\" \/>\n<meta property=\"og:description\" content=\"[vc_row full_width=\u00a0\u00bbstretch_row\u00a0\u00bb css=\u00a0\u00bb.vc_custom_1556185067265{padding-top: 8em !important;padding-bottom: 10em !important;background-color: #000000 !important;}\u00a0\u00bb][vc_column][vc_single_image image=\u00a0\u00bb3874&Prime; img_size=\u00a0\u00bbfull\u00a0\u00bb alignment=\u00a0\u00bbcenter\u00a0\u00bb css=\u00a0\u00bb.vc_custom_1599756210003{margin-bottom: 0px !important;}\u00a0\u00bb][vc_row_inner equal_height=\u00a0\u00bbyes\u00a0\u00bb content_placement=\u00a0\u00bbmiddle\u00a0\u00bb css=\u00a0\u00bb.vc_custom_1556093058576{padding-top: 8em !important;}\u00a0\u00bb][vc_column_inner width=\u00a0\u00bb1\/2&Prime;][vc_single_image image=\u00a0\u00bb3992&Prime; img_size=\u00a0\u00bbfull\u00a0\u00bb css=\u00a0\u00bb.vc_custom_1610543391392{margin-bottom: 0px !important;}\u00a0\u00bb][\/vc_column_inner][vc_column_inner width=\u00a0\u00bb1\/2&Prime; css=\u00a0\u00bb.vc_custom_1556093129663{padding: 15% !important;background-color:Read More\" \/>\n<meta property=\"og:url\" content=\"https:\/\/www.tdgservicos.pt\/fr\/homepage\/\" \/>\n<meta property=\"og:site_name\" content=\"TDG\" \/>\n<meta property=\"article:publisher\" content=\"https:\/\/www.facebook.com\/tdgservicos\" \/>\n<meta property=\"article:modified_time\" content=\"2021-02-09T05:35:21+00:00\" \/>\n<meta name=\"twitter:card\" content=\"summary_large_image\" \/>\n<meta name=\"twitter:label1\" content=\"Dur\u00e9e de lecture estim\u00e9e\" \/>\n\t<meta name=\"twitter:data1\" content=\"2 minutes\" \/>\n<script type=\"application\/ld+json\" class=\"yoast-schema-graph\">{\"@context\":\"https:\/\/schema.org\",\"@graph\":[{\"@type\":\"WebPage\",\"@id\":\"https:\/\/www.tdgservicos.pt\/fr\/homepage\/\",\"url\":\"https:\/\/www.tdgservicos.pt\/fr\/homepage\/\",\"name\":\"Accueil - TDG\",\"isPartOf\":{\"@id\":\"https:\/\/www.tdgservicos.pt\/#website\"},\"datePublished\":\"2019-04-23T11:46:03+00:00\",\"dateModified\":\"2021-02-09T05:35:21+00:00\",\"breadcrumb\":{\"@id\":\"https:\/\/www.tdgservicos.pt\/fr\/homepage\/#breadcrumb\"},\"inLanguage\":\"fr-FR\",\"potentialAction\":[{\"@type\":\"ReadAction\",\"target\":[\"https:\/\/www.tdgservicos.pt\/fr\/homepage\/\"]}]},{\"@type\":\"BreadcrumbList\",\"@id\":\"https:\/\/www.tdgservicos.pt\/fr\/homepage\/#breadcrumb\",\"itemListElement\":[{\"@type\":\"ListItem\",\"position\":1,\"name\":\"In\u00edcio\",\"item\":\"https:\/\/www.tdgservicos.pt\/fr\/homepage\/\"},{\"@type\":\"ListItem\",\"position\":2,\"name\":\"Accueil\"}]},{\"@type\":\"WebSite\",\"@id\":\"https:\/\/www.tdgservicos.pt\/#website\",\"url\":\"https:\/\/www.tdgservicos.pt\/\",\"name\":\"TDG Servi\u00e7os\",\"description\":\"Servi\u00e7os\",\"publisher\":{\"@id\":\"https:\/\/www.tdgservicos.pt\/#organization\"},\"potentialAction\":[{\"@type\":\"SearchAction\",\"target\":{\"@type\":\"EntryPoint\",\"urlTemplate\":\"https:\/\/www.tdgservicos.pt\/?s={search_term_string}\"},\"query-input\":{\"@type\":\"PropertyValueSpecification\",\"valueRequired\":true,\"valueName\":\"search_term_string\"}}],\"inLanguage\":\"fr-FR\"},{\"@type\":\"Organization\",\"@id\":\"https:\/\/www.tdgservicos.pt\/#organization\",\"name\":\"TDG Servi\u00e7os\",\"url\":\"https:\/\/www.tdgservicos.pt\/\",\"logo\":{\"@type\":\"ImageObject\",\"inLanguage\":\"fr-FR\",\"@id\":\"https:\/\/www.tdgservicos.pt\/#\/schema\/logo\/image\/\",\"url\":\"https:\/\/www.tdgservicos.pt\/wp-content\/uploads\/2020\/06\/TDG-Logo_Black-1-e1592063006271.png\",\"contentUrl\":\"https:\/\/www.tdgservicos.pt\/wp-content\/uploads\/2020\/06\/TDG-Logo_Black-1-e1592063006271.png\",\"width\":209,\"height\":190,\"caption\":\"TDG Servi\u00e7os\"},\"image\":{\"@id\":\"https:\/\/www.tdgservicos.pt\/#\/schema\/logo\/image\/\"},\"sameAs\":[\"https:\/\/www.facebook.com\/tdgservicos\"]}]}<\/script>\n<!-- \/ Yoast SEO plugin. -->","yoast_head_json":{"title":"Accueil - TDG","robots":{"index":"index","follow":"follow","max-snippet":"max-snippet:-1","max-image-preview":"max-image-preview:large","max-video-preview":"max-video-preview:-1"},"canonical":"https:\/\/www.tdgservicos.pt\/fr\/homepage\/","og_locale":"fr_FR","og_type":"article","og_title":"Accueil - TDG","og_description":"[vc_row full_width=\u00a0\u00bbstretch_row\u00a0\u00bb css=\u00a0\u00bb.vc_custom_1556185067265{padding-top: 8em !important;padding-bottom: 10em !important;background-color: #000000 !important;}\u00a0\u00bb][vc_column][vc_single_image image=\u00a0\u00bb3874&Prime; img_size=\u00a0\u00bbfull\u00a0\u00bb alignment=\u00a0\u00bbcenter\u00a0\u00bb css=\u00a0\u00bb.vc_custom_1599756210003{margin-bottom: 0px !important;}\u00a0\u00bb][vc_row_inner equal_height=\u00a0\u00bbyes\u00a0\u00bb content_placement=\u00a0\u00bbmiddle\u00a0\u00bb css=\u00a0\u00bb.vc_custom_1556093058576{padding-top: 8em !important;}\u00a0\u00bb][vc_column_inner width=\u00a0\u00bb1\/2&Prime;][vc_single_image image=\u00a0\u00bb3992&Prime; img_size=\u00a0\u00bbfull\u00a0\u00bb css=\u00a0\u00bb.vc_custom_1610543391392{margin-bottom: 0px !important;}\u00a0\u00bb][\/vc_column_inner][vc_column_inner width=\u00a0\u00bb1\/2&Prime; css=\u00a0\u00bb.vc_custom_1556093129663{padding: 15% !important;background-color:Read More","og_url":"https:\/\/www.tdgservicos.pt\/fr\/homepage\/","og_site_name":"TDG","article_publisher":"https:\/\/www.facebook.com\/tdgservicos","article_modified_time":"2021-02-09T05:35:21+00:00","twitter_card":"summary_large_image","twitter_misc":{"Dur\u00e9e de lecture estim\u00e9e":"2 minutes"},"schema":{"@context":"https:\/\/schema.org","@graph":[{"@type":"WebPage","@id":"https:\/\/www.tdgservicos.pt\/fr\/homepage\/","url":"https:\/\/www.tdgservicos.pt\/fr\/homepage\/","name":"Accueil - TDG","isPartOf":{"@id":"https:\/\/www.tdgservicos.pt\/#website"},"datePublished":"2019-04-23T11:46:03+00:00","dateModified":"2021-02-09T05:35:21+00:00","breadcrumb":{"@id":"https:\/\/www.tdgservicos.pt\/fr\/homepage\/#breadcrumb"},"inLanguage":"fr-FR","potentialAction":[{"@type":"ReadAction","target":["https:\/\/www.tdgservicos.pt\/fr\/homepage\/"]}]},{"@type":"BreadcrumbList","@id":"https:\/\/www.tdgservicos.pt\/fr\/homepage\/#breadcrumb","itemListElement":[{"@type":"ListItem","position":1,"name":"In\u00edcio","item":"https:\/\/www.tdgservicos.pt\/fr\/homepage\/"},{"@type":"ListItem","position":2,"name":"Accueil"}]},{"@type":"WebSite","@id":"https:\/\/www.tdgservicos.pt\/#website","url":"https:\/\/www.tdgservicos.pt\/","name":"TDG Servi\u00e7os","description":"Servi\u00e7os","publisher":{"@id":"https:\/\/www.tdgservicos.pt\/#organization"},"potentialAction":[{"@type":"SearchAction","target":{"@type":"EntryPoint","urlTemplate":"https:\/\/www.tdgservicos.pt\/?s={search_term_string}"},"query-input":{"@type":"PropertyValueSpecification","valueRequired":true,"valueName":"search_term_string"}}],"inLanguage":"fr-FR"},{"@type":"Organization","@id":"https:\/\/www.tdgservicos.pt\/#organization","name":"TDG Servi\u00e7os","url":"https:\/\/www.tdgservicos.pt\/","logo":{"@type":"ImageObject","inLanguage":"fr-FR","@id":"https:\/\/www.tdgservicos.pt\/#\/schema\/logo\/image\/","url":"https:\/\/www.tdgservicos.pt\/wp-content\/uploads\/2020\/06\/TDG-Logo_Black-1-e1592063006271.png","contentUrl":"https:\/\/www.tdgservicos.pt\/wp-content\/uploads\/2020\/06\/TDG-Logo_Black-1-e1592063006271.png","width":209,"height":190,"caption":"TDG Servi\u00e7os"},"image":{"@id":"https:\/\/www.tdgservicos.pt\/#\/schema\/logo\/image\/"},"sameAs":["https:\/\/www.facebook.com\/tdgservicos"]}]}},"_links":{"self":[{"href":"https:\/\/www.tdgservicos.pt\/fr\/wp-json\/wp\/v2\/pages\/4334","targetHints":{"allow":["GET"]}}],"collection":[{"href":"https:\/\/www.tdgservicos.pt\/fr\/wp-json\/wp\/v2\/pages"}],"about":[{"href":"https:\/\/www.tdgservicos.pt\/fr\/wp-json\/wp\/v2\/types\/page"}],"author":[{"embeddable":true,"href":"https:\/\/www.tdgservicos.pt\/fr\/wp-json\/wp\/v2\/users\/1"}],"replies":[{"embeddable":true,"href":"https:\/\/www.tdgservicos.pt\/fr\/wp-json\/wp\/v2\/comments?post=4334"}],"version-history":[{"count":5,"href":"https:\/\/www.tdgservicos.pt\/fr\/wp-json\/wp\/v2\/pages\/4334\/revisions"}],"predecessor-version":[{"id":4467,"href":"https:\/\/www.tdgservicos.pt\/fr\/wp-json\/wp\/v2\/pages\/4334\/revisions\/4467"}],"wp:attachment":[{"href":"https:\/\/www.tdgservicos.pt\/fr\/wp-json\/wp\/v2\/media?parent=4334"}],"curies":[{"name":"wp","href":"https:\/\/api.w.org\/{rel}","templated":true}]}}