{"id":4355,"date":"2019-04-22T13:31:23","date_gmt":"2019-04-22T13:31:23","guid":{"rendered":"https:\/\/www.tdgservicos.pt\/contactos\/"},"modified":"2024-07-10T17:55:25","modified_gmt":"2024-07-10T16:55:25","slug":"contacts","status":"publish","type":"page","link":"https:\/\/www.tdgservicos.pt\/fr\/contacts\/","title":{"rendered":"Contacts"},"content":{"rendered":"<p>[vc_row css=\u00a0\u00bb.vc_custom_1557831430984{padding-top: 7em !important;}\u00a0\u00bb][vc_column][vc_row_inner][vc_column_inner width=\u00a0\u00bb1\/6&Prime;][\/vc_column_inner][vc_column_inner width=\u00a0\u00bb2\/3&Prime; css=\u00a0\u00bb.vc_custom_1557999318276{padding-right: 5% !important;padding-left: 5% !important;}\u00a0\u00bb]\n\t<div class=\"title-subtitle-box  vc_custom_1612798225946\" style=\" text-align: center;\">\n\t\t<h5 style=\" font-style: normal;\" class=\"special-title\" >Si vous avez besoin de plus de d\u00e9tails sur nos services ou souhaitez visiter notre si\u00e8ge social, veuillez utiliser les coordonn\u00e9es ci-dessous<\/h5>\n\t<\/div> [\/vc_column_inner][vc_column_inner width=\u00a0\u00bb1\/6&Prime;][\/vc_column_inner][\/vc_row_inner][vc_row_inner css=\u00a0\u00bb.vc_custom_1558709413512{margin-bottom: 7em !important;padding-top: 3em !important;padding-bottom: 3em !important;background-color: #000000 !important;}\u00a0\u00bb][vc_column_inner width=\u00a0\u00bb1\/3&Prime;][vc_icon icon_fontawesome=\u00a0\u00bbfa fa-map-marker\u00a0\u00bb color=\u00a0\u00bbwhite\u00a0\u00bb align=\u00a0\u00bbcenter\u00a0\u00bb css=\u00a0\u00bb.vc_custom_1557998009021{margin-bottom: 0px !important;}\u00a0\u00bb]\n\t<div class=\"gg-infobox  text-align-center vc_custom_1612798267667\" >\n\t\t<div class=\"infobox-title\" >Adresse<\/div>\n\t\t<div class=\"infobox-description\" style=\"color: #ffffff;\"><p>Praceta Cidade de Braga, 17<br \/>\n2870-129 Montijo<br \/>\nPortugal<br \/>\n<a href=\"\/\/goo.gl\/maps\/4wmGZr8uQJRW7uFb9\" target=\"_blank\" rel=\"noopener noreferrer\">Voir la carte<\/a><\/p>\n<\/div>\n\t<\/div> [\/vc_column_inner][vc_column_inner width=\u00a0\u00bb1\/3&Prime;][vc_icon icon_fontawesome=\u00a0\u00bbfa fa-phone\u00a0\u00bb color=\u00a0\u00bbwhite\u00a0\u00bb align=\u00a0\u00bbcenter\u00a0\u00bb css=\u00a0\u00bb.vc_custom_1557998012459{margin-bottom: 0px !important;}\u00a0\u00bb]\n\t<div class=\"gg-infobox  text-align-center vc_custom_1720630512216\" >\n\t\t<div class=\"infobox-title\" >T\u00e9l\u00e9phone<\/div>\n\t\t<div class=\"infobox-description\" style=\"color: #ffffff;\"><p>+351 215 959 440<br \/>\n(Appel vers le r\u00e9seau fixe national)<\/p>\n<\/div>\n\t<\/div> [vc_icon icon_fontawesome=\u00a0\u00bbfab fa-whatsapp\u00a0\u00bb color=\u00a0\u00bbwhite\u00a0\u00bb align=\u00a0\u00bbcenter\u00a0\u00bb css=\u00a0\u00bb.vc_custom_1610557415184{margin-bottom: 0px !important;}\u00a0\u00bb]\n\t<div class=\"gg-infobox  text-align-center vc_custom_1670255876712\" >\n\t\t<div class=\"infobox-title\" >WhatsApp<\/div>\n\t\t<div class=\"infobox-description\" style=\"color: #ffffff;\"><p style=\"text-align: center;\">+351 938 330 599<br \/>\n(Appel vers le r\u00e9seau mobile national)<\/p>\n<\/div>\n\t<\/div> [\/vc_column_inner][vc_column_inner width=\u00a0\u00bb1\/3&Prime;][vc_icon icon_fontawesome=\u00a0\u00bbfa fa-envelope-open-o\u00a0\u00bb color=\u00a0\u00bbwhite\u00a0\u00bb align=\u00a0\u00bbcenter\u00a0\u00bb css=\u00a0\u00bb.vc_custom_1557998017163{margin-bottom: 0px !important;}\u00a0\u00bb]\n\t<div class=\"gg-infobox  text-align-center vc_custom_1612799724018\" >\n\t\t<div class=\"infobox-title\" >Email<\/div>\n\t\t<div class=\"infobox-description\" style=\"color: #ffffff;\"><p><a href=\"mailto:geral@tdgservicos.pt\">geral@tdgservicos.pt<\/a><\/p>\n<p><a href=\"mailto:rh@tdgservicos.pt\">rh@tdgservicos.pt<\/a><\/p>\n<\/div>\n\t<\/div> [\/vc_column_inner][\/vc_row_inner][\/vc_column][\/vc_row][vc_row css=\u00a0\u00bb.vc_custom_1557917786113{margin-bottom: 7em !important;padding-top: 7em !important;background-color: #ffffff !important;}\u00a0\u00bb][vc_column]\n\t<div class=\"title-subtitle-box  vc_custom_1612799743102\" style=\" text-align: center;\">\n\t\t<h2 style=\" font-style: normal;\" class=\"special-title\" >PARLE-NOUS<\/h2>\n\t\t<span class=\"gg-horizontal-line\"  ><\/span>\n\t<\/div> [vc_row_inner css=\u00a0\u00bb.vc_custom_1559125794045{padding-bottom: 6em !important;}\u00a0\u00bb][vc_column_inner width=\u00a0\u00bb1\/6&Prime;][\/vc_column_inner][vc_column_inner width=\u00a0\u00bb2\/3&Prime;][vc_column_text]<div class=\"forminator-ui forminator-custom-form forminator-custom-form-4370 forminator-design--default  forminator_ajax\" data-forminator-render=\"0\" data-form=\"forminator-module-4370\" data-uid=\"69da2ded0d8b9\"><br\/><\/div><form\n\t\t\t\tid=\"forminator-module-4370\"\n\t\t\t\tclass=\"forminator-ui forminator-custom-form forminator-custom-form-4370 forminator-design--default  forminator_ajax\"\n\t\t\t\tmethod=\"post\"\n\t\t\t\tdata-forminator-render=\"0\"\n\t\t\t\tdata-form-id=\"4370\"\n\t\t\t\t data-color-option=\"default\" data-design=\"default\" data-grid=\"open\" style=\"display: none;\"\n\t\t\t\tdata-uid=\"69da2ded0d8b9\"\n\t\t\t><div role=\"alert\" aria-live=\"polite\" class=\"forminator-response-message forminator-error\" aria-hidden=\"true\"><\/div><div class=\"forminator-row\"><div id=\"name-1\" class=\"forminator-field-name forminator-col forminator-col-12 \"><div class=\"forminator-field\"><label for=\"forminator-field-name-1_69da2ded0d8b9\" id=\"forminator-field-name-1_69da2ded0d8b9-label\" class=\"forminator-label\">Nom <span class=\"forminator-required\">*<\/span><\/label><input type=\"text\" name=\"name-1\" value=\"\" placeholder=\"\" id=\"forminator-field-name-1_69da2ded0d8b9\" class=\"forminator-input forminator-name--field\" aria-required=\"true\" autocomplete=\"name\" \/><\/div><\/div><\/div><div class=\"forminator-row\"><div id=\"email-1\" class=\"forminator-field-email forminator-col forminator-col-6 \"><div class=\"forminator-field\"><label for=\"forminator-field-email-1_69da2ded0d8b9\" id=\"forminator-field-email-1_69da2ded0d8b9-label\" class=\"forminator-label\">Email <span class=\"forminator-required\">*<\/span><\/label><input type=\"email\" name=\"email-1\" value=\"\" placeholder=\"\" id=\"forminator-field-email-1_69da2ded0d8b9\" class=\"forminator-input forminator-email--field\" data-required=\"true\" aria-required=\"true\" autocomplete=\"email\" \/><\/div><\/div><div id=\"phone-1\" class=\"forminator-field-phone forminator-col forminator-col-6 \"><div class=\"forminator-field\"><label for=\"forminator-field-phone-1_69da2ded0d8b9\" id=\"forminator-field-phone-1_69da2ded0d8b9-label\" class=\"forminator-label\">Mobile<\/label><input type=\"text\" name=\"phone-1\" value=\"\" placeholder=\"\" id=\"forminator-field-phone-1_69da2ded0d8b9\" class=\"forminator-input forminator-field--phone\" data-required=\"\" aria-required=\"false\" autocomplete=\"off\" \/><\/div><\/div><\/div><div class=\"forminator-row\"><div id=\"text-1\" class=\"forminator-field-text forminator-col forminator-col-12 \"><div class=\"forminator-field\"><label for=\"forminator-field-text-1_69da2ded0d8b9\" id=\"forminator-field-text-1_69da2ded0d8b9-label\" class=\"forminator-label\">Mati\u00e8re<\/label><input type=\"text\" name=\"text-1\" value=\"\" placeholder=\"\" id=\"forminator-field-text-1_69da2ded0d8b9\" class=\"forminator-input forminator-name--field\" data-required=\"\" \/><\/div><\/div><\/div><div class=\"forminator-row\"><div id=\"textarea-1\" class=\"forminator-field-textarea forminator-col forminator-col-12 \"><div class=\"forminator-field\"><label for=\"forminator-field-textarea-1_69da2ded0d8b9\" id=\"forminator-field-textarea-1_69da2ded0d8b9-label\" class=\"forminator-label\">Message <span class=\"forminator-required\">*<\/span><\/label><textarea name=\"textarea-1\" placeholder=\"\" id=\"forminator-field-textarea-1_69da2ded0d8b9\" class=\"forminator-textarea\" rows=\"6\" style=\"min-height:140px;\" maxlength=\"180\" ><\/textarea><span id=\"forminator-field-textarea-1_69da2ded0d8b9-description\" class=\"forminator-description\"><span data-limit=\"180\" data-type=\"characters\" data-editor=\"\">0 \/ 180<\/span><\/span><\/div><\/div><\/div><input type=\"hidden\" name=\"referer_url\" value=\"\" \/><div class=\"forminator-row forminator-row-last\"><div class=\"forminator-col\"><div class=\"forminator-field\"><button class=\"forminator-button forminator-button-submit\">Envoyer<\/button><\/div><\/div><\/div><input type=\"hidden\" id=\"forminator_nonce\" name=\"forminator_nonce\" value=\"21f44ceaae\" \/><input type=\"hidden\" name=\"_wp_http_referer\" value=\"\/fr\/wp-json\/wp\/v2\/pages\/4355\" \/><input type=\"hidden\" name=\"form_id\" value=\"4370\"><input type=\"hidden\" name=\"page_id\" value=\"4355\"><input type=\"hidden\" name=\"form_type\" value=\"default\"><input type=\"hidden\" name=\"current_url\" value=\"https:\/\/www.tdgservicos.pt\/fr\/contacts\/\"><input type=\"hidden\" name=\"render_id\" value=\"0\"><input type=\"hidden\" name=\"action\" value=\"forminator_submit_form_custom-forms\"><\/form>[\/vc_column_text][\/vc_column_inner][vc_column_inner width=\u00a0\u00bb1\/6&Prime;][\/vc_column_inner][\/vc_row_inner][\/vc_column][\/vc_row][vc_row full_width=\u00a0\u00bbstretch_row_content_no_spaces\u00a0\u00bb][vc_column][vc_gmaps link=\u00a0\u00bb#E-8_JTNDaWZyYW1lJTIwc3JjJTNEJTIyaHR0cHMlM0ElMkYlMkZ3d3cuZ29vZ2xlLmNvbSUyRm1hcHMlMkZlbWJlZCUzRnBiJTNEJTIxMW0xOCUyMTFtMTIlMjExbTMlMjExZDMxMTMuNDU1ODcwMjQxNzUwMyUyMTJkLTguOTg5NzA0ODg0NjU1MjAyJTIxM2QzOC43MDczNDE0Nzk2MDAzOTUlMjEybTMlMjExZjAlMjEyZjAlMjEzZjAlMjEzbTIlMjExaTEwMjQlMjEyaTc2OCUyMTRmMTMuMSUyMTNtMyUyMTFtMiUyMTFzMHhkMTkzOTk0NTE3ODdhOWIlMjUzQTB4Y2ZmZTRmYWE1MjI5NDZhMyUyMTJzUHJhY2V0YSUyNTIwQ2lkYWRlJTI1MjBkZSUyNTIwQnJhZ2ElMjUyMDE3JTI1MkMlMjUyMDI4NzAtMTM4JTI1MjBNb250aWpvJTIxNWUwJTIxM20yJTIxMXNwdC1QVCUyMTJzcHQlMjE0djE2MTA1NjE1MjYzMjAlMjE1bTIlMjExc3B0LVBUJTIxMnNwdCUyMiUyMHdpZHRoJTNEJTIyNjAwJTIyJTIwaGVpZ2h0JTNEJTIyNDUwJTIyJTIwZnJhbWVib3JkZXIlM0QlMjIwJTIyJTIwc3R5bGUlM0QlMjJib3JkZXIlM0EwJTNCJTIyJTIwYWxsb3dmdWxsc2NyZWVuJTNEJTIyJTIyJTIwYXJpYS1oaWRkZW4lM0QlMjJmYWxzZSUyMiUyMHRhYmluZGV4JTNEJTIyMCUyMiUzRSUzQyUyRmlmcmFtZSUzRQ==\u00a0\u00bb css=\u00a0\u00bb.vc_custom_1610563954105{margin-bottom: 0px !important;}\u00a0\u00bb el_class=\u00a0\u00bbblack-and-white-filter\u00a0\u00bb][\/vc_column][\/vc_row]<\/p>\n","protected":false},"excerpt":{"rendered":"<p>[vc_row css=\u00a0\u00bb.vc_custom_1557831430984{padding-top: 7em !important;}\u00a0\u00bb][vc_column][vc_row_inner][vc_column_inner width=\u00a0\u00bb1\/6&Prime;][\/vc_column_inner][vc_column_inner width=\u00a0\u00bb2\/3&Prime; css=\u00a0\u00bb.vc_custom_1557999318276{padding-right: 5% !important;padding-left: 5% !important;}\u00a0\u00bb][\/vc_column_inner][vc_column_inner width=\u00a0\u00bb1\/6&Prime;][\/vc_column_inner][\/vc_row_inner][vc_row_inner css=\u00a0\u00bb.vc_custom_1558709413512{margin-bottom: 7em !important;padding-top: 3em !important;padding-bottom: 3em !important;background-color: #000000 !important;}\u00a0\u00bb][vc_column_inner width=\u00a0\u00bb1\/3&Prime;][vc_icon icon_fontawesome=\u00a0\u00bbfa fa-map-marker\u00a0\u00bb color=\u00a0\u00bbwhite\u00a0\u00bb align=\u00a0\u00bbcenter\u00a0\u00bb css=\u00a0\u00bb.vc_custom_1557998009021{margin-bottom: 0px !important;}\u00a0\u00bb][\/vc_column_inner][vc_column_inner width=\u00a0\u00bb1\/3&Prime;][vc_icon<\/p>\n<p class=\"more-link-wrapper\"><a class=\"btn btn-primary\" href=\"https:\/\/www.tdgservicos.pt\/fr\/contacts\/\">Read More<\/a><\/p>\n","protected":false},"author":1,"featured_media":4357,"parent":0,"menu_order":0,"comment_status":"closed","ping_status":"closed","template":"","meta":{"footnotes":""},"class_list":["post-4355","page","type-page","status-publish","has-post-thumbnail","hentry","has_thumb"],"yoast_head":"<!-- This site is optimized with the Yoast SEO plugin v27.2 - https:\/\/yoast.com\/product\/yoast-seo-wordpress\/ -->\n<title>Contacts - TDG<\/title>\n<meta name=\"robots\" content=\"index, follow, max-snippet:-1, max-image-preview:large, max-video-preview:-1\" \/>\n<link rel=\"canonical\" href=\"https:\/\/www.tdgservicos.pt\/fr\/contacts\/\" \/>\n<meta property=\"og:locale\" content=\"fr_FR\" \/>\n<meta property=\"og:type\" content=\"article\" \/>\n<meta property=\"og:title\" content=\"Contacts - TDG\" \/>\n<meta property=\"og:description\" content=\"[vc_row css=\u00a0\u00bb.vc_custom_1557831430984{padding-top: 7em !important;}\u00a0\u00bb][vc_column][vc_row_inner][vc_column_inner width=\u00a0\u00bb1\/6&Prime;][\/vc_column_inner][vc_column_inner width=\u00a0\u00bb2\/3&Prime; css=\u00a0\u00bb.vc_custom_1557999318276{padding-right: 5% !important;padding-left: 5% !important;}\u00a0\u00bb][\/vc_column_inner][vc_column_inner width=\u00a0\u00bb1\/6&Prime;][\/vc_column_inner][\/vc_row_inner][vc_row_inner css=\u00a0\u00bb.vc_custom_1558709413512{margin-bottom: 7em !important;padding-top: 3em !important;padding-bottom: 3em !important;background-color: #000000 !important;}\u00a0\u00bb][vc_column_inner width=\u00a0\u00bb1\/3&Prime;][vc_icon icon_fontawesome=\u00a0\u00bbfa fa-map-marker\u00a0\u00bb color=\u00a0\u00bbwhite\u00a0\u00bb align=\u00a0\u00bbcenter\u00a0\u00bb css=\u00a0\u00bb.vc_custom_1557998009021{margin-bottom: 0px !important;}\u00a0\u00bb][\/vc_column_inner][vc_column_inner width=\u00a0\u00bb1\/3&Prime;][vc_iconRead More\" \/>\n<meta property=\"og:url\" content=\"https:\/\/www.tdgservicos.pt\/fr\/contacts\/\" \/>\n<meta property=\"og:site_name\" content=\"TDG\" \/>\n<meta property=\"article:publisher\" content=\"https:\/\/www.facebook.com\/tdgservicos\" \/>\n<meta property=\"article:modified_time\" content=\"2024-07-10T16:55:25+00:00\" \/>\n<meta property=\"og:image\" content=\"https:\/\/www.tdgservicos.pt\/wp-content\/uploads\/2021\/01\/GB.png\" \/>\n\t<meta property=\"og:image:width\" content=\"1600\" \/>\n\t<meta property=\"og:image:height\" content=\"1067\" \/>\n\t<meta property=\"og:image:type\" content=\"image\/png\" \/>\n<meta name=\"twitter:card\" content=\"summary_large_image\" \/>\n<meta name=\"twitter:label1\" content=\"Dur\u00e9e de lecture estim\u00e9e\" \/>\n\t<meta name=\"twitter:data1\" content=\"1 minute\" \/>\n<script type=\"application\/ld+json\" class=\"yoast-schema-graph\">{\"@context\":\"https:\/\/schema.org\",\"@graph\":[{\"@type\":\"WebPage\",\"@id\":\"https:\/\/www.tdgservicos.pt\/fr\/contacts\/\",\"url\":\"https:\/\/www.tdgservicos.pt\/fr\/contacts\/\",\"name\":\"Contacts - TDG\",\"isPartOf\":{\"@id\":\"https:\/\/www.tdgservicos.pt\/#website\"},\"primaryImageOfPage\":{\"@id\":\"https:\/\/www.tdgservicos.pt\/fr\/contacts\/#primaryimage\"},\"image\":{\"@id\":\"https:\/\/www.tdgservicos.pt\/fr\/contacts\/#primaryimage\"},\"thumbnailUrl\":\"https:\/\/www.tdgservicos.pt\/wp-content\/uploads\/2021\/01\/GB.png\",\"datePublished\":\"2019-04-22T13:31:23+00:00\",\"dateModified\":\"2024-07-10T16:55:25+00:00\",\"breadcrumb\":{\"@id\":\"https:\/\/www.tdgservicos.pt\/fr\/contacts\/#breadcrumb\"},\"inLanguage\":\"fr-FR\",\"potentialAction\":[{\"@type\":\"ReadAction\",\"target\":[\"https:\/\/www.tdgservicos.pt\/fr\/contacts\/\"]}]},{\"@type\":\"ImageObject\",\"inLanguage\":\"fr-FR\",\"@id\":\"https:\/\/www.tdgservicos.pt\/fr\/contacts\/#primaryimage\",\"url\":\"https:\/\/www.tdgservicos.pt\/wp-content\/uploads\/2021\/01\/GB.png\",\"contentUrl\":\"https:\/\/www.tdgservicos.pt\/wp-content\/uploads\/2021\/01\/GB.png\",\"width\":1600,\"height\":1067},{\"@type\":\"BreadcrumbList\",\"@id\":\"https:\/\/www.tdgservicos.pt\/fr\/contacts\/#breadcrumb\",\"itemListElement\":[{\"@type\":\"ListItem\",\"position\":1,\"name\":\"In\u00edcio\",\"item\":\"https:\/\/www.tdgservicos.pt\/fr\/homepage\/\"},{\"@type\":\"ListItem\",\"position\":2,\"name\":\"Contacts\"}]},{\"@type\":\"WebSite\",\"@id\":\"https:\/\/www.tdgservicos.pt\/#website\",\"url\":\"https:\/\/www.tdgservicos.pt\/\",\"name\":\"TDG Servi\u00e7os\",\"description\":\"Servi\u00e7os\",\"publisher\":{\"@id\":\"https:\/\/www.tdgservicos.pt\/#organization\"},\"potentialAction\":[{\"@type\":\"SearchAction\",\"target\":{\"@type\":\"EntryPoint\",\"urlTemplate\":\"https:\/\/www.tdgservicos.pt\/?s={search_term_string}\"},\"query-input\":{\"@type\":\"PropertyValueSpecification\",\"valueRequired\":true,\"valueName\":\"search_term_string\"}}],\"inLanguage\":\"fr-FR\"},{\"@type\":\"Organization\",\"@id\":\"https:\/\/www.tdgservicos.pt\/#organization\",\"name\":\"TDG Servi\u00e7os\",\"url\":\"https:\/\/www.tdgservicos.pt\/\",\"logo\":{\"@type\":\"ImageObject\",\"inLanguage\":\"fr-FR\",\"@id\":\"https:\/\/www.tdgservicos.pt\/#\/schema\/logo\/image\/\",\"url\":\"https:\/\/www.tdgservicos.pt\/wp-content\/uploads\/2020\/06\/TDG-Logo_Black-1-e1592063006271.png\",\"contentUrl\":\"https:\/\/www.tdgservicos.pt\/wp-content\/uploads\/2020\/06\/TDG-Logo_Black-1-e1592063006271.png\",\"width\":209,\"height\":190,\"caption\":\"TDG Servi\u00e7os\"},\"image\":{\"@id\":\"https:\/\/www.tdgservicos.pt\/#\/schema\/logo\/image\/\"},\"sameAs\":[\"https:\/\/www.facebook.com\/tdgservicos\"]}]}<\/script>\n<!-- \/ Yoast SEO plugin. -->","yoast_head_json":{"title":"Contacts - TDG","robots":{"index":"index","follow":"follow","max-snippet":"max-snippet:-1","max-image-preview":"max-image-preview:large","max-video-preview":"max-video-preview:-1"},"canonical":"https:\/\/www.tdgservicos.pt\/fr\/contacts\/","og_locale":"fr_FR","og_type":"article","og_title":"Contacts - TDG","og_description":"[vc_row css=\u00a0\u00bb.vc_custom_1557831430984{padding-top: 7em !important;}\u00a0\u00bb][vc_column][vc_row_inner][vc_column_inner width=\u00a0\u00bb1\/6&Prime;][\/vc_column_inner][vc_column_inner width=\u00a0\u00bb2\/3&Prime; css=\u00a0\u00bb.vc_custom_1557999318276{padding-right: 5% !important;padding-left: 5% !important;}\u00a0\u00bb][\/vc_column_inner][vc_column_inner width=\u00a0\u00bb1\/6&Prime;][\/vc_column_inner][\/vc_row_inner][vc_row_inner css=\u00a0\u00bb.vc_custom_1558709413512{margin-bottom: 7em !important;padding-top: 3em !important;padding-bottom: 3em !important;background-color: #000000 !important;}\u00a0\u00bb][vc_column_inner width=\u00a0\u00bb1\/3&Prime;][vc_icon icon_fontawesome=\u00a0\u00bbfa fa-map-marker\u00a0\u00bb color=\u00a0\u00bbwhite\u00a0\u00bb align=\u00a0\u00bbcenter\u00a0\u00bb css=\u00a0\u00bb.vc_custom_1557998009021{margin-bottom: 0px !important;}\u00a0\u00bb][\/vc_column_inner][vc_column_inner width=\u00a0\u00bb1\/3&Prime;][vc_iconRead More","og_url":"https:\/\/www.tdgservicos.pt\/fr\/contacts\/","og_site_name":"TDG","article_publisher":"https:\/\/www.facebook.com\/tdgservicos","article_modified_time":"2024-07-10T16:55:25+00:00","og_image":[{"width":1600,"height":1067,"url":"https:\/\/www.tdgservicos.pt\/wp-content\/uploads\/2021\/01\/GB.png","type":"image\/png"}],"twitter_card":"summary_large_image","twitter_misc":{"Dur\u00e9e de lecture estim\u00e9e":"1 minute"},"schema":{"@context":"https:\/\/schema.org","@graph":[{"@type":"WebPage","@id":"https:\/\/www.tdgservicos.pt\/fr\/contacts\/","url":"https:\/\/www.tdgservicos.pt\/fr\/contacts\/","name":"Contacts - TDG","isPartOf":{"@id":"https:\/\/www.tdgservicos.pt\/#website"},"primaryImageOfPage":{"@id":"https:\/\/www.tdgservicos.pt\/fr\/contacts\/#primaryimage"},"image":{"@id":"https:\/\/www.tdgservicos.pt\/fr\/contacts\/#primaryimage"},"thumbnailUrl":"https:\/\/www.tdgservicos.pt\/wp-content\/uploads\/2021\/01\/GB.png","datePublished":"2019-04-22T13:31:23+00:00","dateModified":"2024-07-10T16:55:25+00:00","breadcrumb":{"@id":"https:\/\/www.tdgservicos.pt\/fr\/contacts\/#breadcrumb"},"inLanguage":"fr-FR","potentialAction":[{"@type":"ReadAction","target":["https:\/\/www.tdgservicos.pt\/fr\/contacts\/"]}]},{"@type":"ImageObject","inLanguage":"fr-FR","@id":"https:\/\/www.tdgservicos.pt\/fr\/contacts\/#primaryimage","url":"https:\/\/www.tdgservicos.pt\/wp-content\/uploads\/2021\/01\/GB.png","contentUrl":"https:\/\/www.tdgservicos.pt\/wp-content\/uploads\/2021\/01\/GB.png","width":1600,"height":1067},{"@type":"BreadcrumbList","@id":"https:\/\/www.tdgservicos.pt\/fr\/contacts\/#breadcrumb","itemListElement":[{"@type":"ListItem","position":1,"name":"In\u00edcio","item":"https:\/\/www.tdgservicos.pt\/fr\/homepage\/"},{"@type":"ListItem","position":2,"name":"Contacts"}]},{"@type":"WebSite","@id":"https:\/\/www.tdgservicos.pt\/#website","url":"https:\/\/www.tdgservicos.pt\/","name":"TDG Servi\u00e7os","description":"Servi\u00e7os","publisher":{"@id":"https:\/\/www.tdgservicos.pt\/#organization"},"potentialAction":[{"@type":"SearchAction","target":{"@type":"EntryPoint","urlTemplate":"https:\/\/www.tdgservicos.pt\/?s={search_term_string}"},"query-input":{"@type":"PropertyValueSpecification","valueRequired":true,"valueName":"search_term_string"}}],"inLanguage":"fr-FR"},{"@type":"Organization","@id":"https:\/\/www.tdgservicos.pt\/#organization","name":"TDG Servi\u00e7os","url":"https:\/\/www.tdgservicos.pt\/","logo":{"@type":"ImageObject","inLanguage":"fr-FR","@id":"https:\/\/www.tdgservicos.pt\/#\/schema\/logo\/image\/","url":"https:\/\/www.tdgservicos.pt\/wp-content\/uploads\/2020\/06\/TDG-Logo_Black-1-e1592063006271.png","contentUrl":"https:\/\/www.tdgservicos.pt\/wp-content\/uploads\/2020\/06\/TDG-Logo_Black-1-e1592063006271.png","width":209,"height":190,"caption":"TDG Servi\u00e7os"},"image":{"@id":"https:\/\/www.tdgservicos.pt\/#\/schema\/logo\/image\/"},"sameAs":["https:\/\/www.facebook.com\/tdgservicos"]}]}},"_links":{"self":[{"href":"https:\/\/www.tdgservicos.pt\/fr\/wp-json\/wp\/v2\/pages\/4355","targetHints":{"allow":["GET"]}}],"collection":[{"href":"https:\/\/www.tdgservicos.pt\/fr\/wp-json\/wp\/v2\/pages"}],"about":[{"href":"https:\/\/www.tdgservicos.pt\/fr\/wp-json\/wp\/v2\/types\/page"}],"author":[{"embeddable":true,"href":"https:\/\/www.tdgservicos.pt\/fr\/wp-json\/wp\/v2\/users\/1"}],"replies":[{"embeddable":true,"href":"https:\/\/www.tdgservicos.pt\/fr\/wp-json\/wp\/v2\/comments?post=4355"}],"version-history":[{"count":7,"href":"https:\/\/www.tdgservicos.pt\/fr\/wp-json\/wp\/v2\/pages\/4355\/revisions"}],"predecessor-version":[{"id":4535,"href":"https:\/\/www.tdgservicos.pt\/fr\/wp-json\/wp\/v2\/pages\/4355\/revisions\/4535"}],"wp:featuredmedia":[{"embeddable":true,"href":"https:\/\/www.tdgservicos.pt\/fr\/wp-json\/wp\/v2\/media\/4357"}],"wp:attachment":[{"href":"https:\/\/www.tdgservicos.pt\/fr\/wp-json\/wp\/v2\/media?parent=4355"}],"curies":[{"name":"wp","href":"https:\/\/api.w.org\/{rel}","templated":true}]}}